{"id":1228,"date":"2023-09-20T12:27:47","date_gmt":"2023-09-20T10:27:47","guid":{"rendered":"https:\/\/www.puntuaminegocio.com\/extraiga-tu-enlace-de-resena-de-google\/"},"modified":"2024-03-19T09:25:46","modified_gmt":"2024-03-19T08:25:46","slug":"com-obtenir-lenllac-de-resena-de-google-facilment","status":"publish","type":"page","link":"https:\/\/www.puntuaminegocio.com\/ca\/tutorials\/com-obtenir-lenllac-de-resena-de-google-facilment\/","title":{"rendered":"Com obtenir l&#8217;enlla\u00e7 de Rese\u00f1a de Google f\u00e0cilment"},"content":{"rendered":"<p><strong>Com obtenir lenlla\u00e7 de revisi\u00f3 de Google f\u00e0cilment?<\/strong><\/p>\n<p>Si mai us heu preguntat com obtenir el vostre enlla\u00e7 de ressenya de Google de manera senzilla, no busqueu m\u00e9s. En aquest tutorial pr\u00e0ctic, el guiarem a trav\u00e9s del proc\u00e9s sense complicacions per generar un enlla\u00e7 que permeti als clients deixar ressenyes directament a la seva p\u00e0gina de Google My Business. Aquesta pregunta comuna ser\u00e0 contestada en poc temps, i descobrir\u00e0 com \u00e9s de senzill generar un enlla\u00e7 amb un sol clic perqu\u00e8 els seus clients revisin el seu negoci.<\/p>\n<p>Crear un enlla\u00e7 perqu\u00e8 els seus clients deixin ressenyes al seu perfil de Google My Business \u00e9s molt senzill. Seguiu aquests passos:<\/p>\n<p style=\"padding-left: 40px;\">1. Inicieu sessi\u00f3 al panell de Google My Business (obrint el vostre navegador i escrivint &#8220;Google My Business&#8221;): Accediu al vostre compte de Google My Business i dirigiu-vos al vostre panell. Si encara no heu configurat un compte, \u00e9s f\u00e0cil crear-ne de forma gratu\u00efta: feu clic aqu\u00ed.<\/p>\n<p style=\"padding-left: 40px;\">2. Localitzeu la p\u00e0gina de la vostra empresa: Cerqueu i seleccioneu la p\u00e0gina de la vostra empresa al panell.<\/p>\n<p style=\"padding-left: 40px;\">3. Desplaceu-vos cap avall per trobar les noves opcions del vostre perfil comercial de Google i feu clic a &#8220;<strong>Sol\u00b7licitar ressenyes<\/strong>&#8220;.<\/p>\n<p style=\"padding-left: 40px;\"><img loading=\"lazy\" decoding=\"async\" class=\"alignnone wp-image-1027\" src=\"https:\/\/www.puntuaminegocio.com\/wp-content\/uploads\/2023\/09\/ask-for-reiews.jpg\" alt=\"\" width=\"480\" height=\"377\" title=\"\" srcset=\"https:\/\/www.puntuaminegocio.com\/wp-content\/uploads\/2023\/09\/ask-for-reiews.jpg 480w, https:\/\/www.puntuaminegocio.com\/wp-content\/uploads\/2023\/09\/ask-for-reiews-300x236.jpg 300w\" sizes=\"auto, (max-width: 480px) 100vw, 480px\" \/><\/p>\n<p style=\"padding-left: 40px;\">4. A la finestra emergent, copieu l&#8217;URL proporcionat (com es mostra a continuaci\u00f3) i deseu el vostre enlla\u00e7 de revisi\u00f3 de Google.<\/p>\n<p style=\"padding-left: 40px;\"><img loading=\"lazy\" decoding=\"async\" class=\"alignnone wp-image-1101 size-full\" src=\"https:\/\/www.puntuaminegocio.com\/wp-content\/uploads\/2023\/09\/ask-for-reiews-02.jpg\" alt=\"\" width=\"480\" height=\"296\" title=\"\" srcset=\"https:\/\/www.puntuaminegocio.com\/wp-content\/uploads\/2023\/09\/ask-for-reiews-02.jpg 480w, https:\/\/www.puntuaminegocio.com\/wp-content\/uploads\/2023\/09\/ask-for-reiews-02-300x185.jpg 300w\" sizes=\"auto, (max-width: 480px) 100vw, 480px\" \/><\/p>\n<p style=\"padding-left: 40px;\">5. En fer clic en aquest enlla\u00e7 de revisi\u00f3 de Google, redirigir\u00e0 als seus clients directament al formulari de revisi\u00f3 de Google, com es mostra a continuaci\u00f3:<\/p>\n<p style=\"padding-left: 40px;\"><img loading=\"lazy\" decoding=\"async\" class=\"alignnone wp-image-1031\" src=\"https:\/\/www.puntuaminegocio.com\/wp-content\/uploads\/2023\/09\/googleplex.jpg\" alt=\"\" width=\"480\" height=\"468\" title=\"\" srcset=\"https:\/\/www.puntuaminegocio.com\/wp-content\/uploads\/2023\/09\/googleplex.jpg 615w, https:\/\/www.puntuaminegocio.com\/wp-content\/uploads\/2023\/09\/googleplex-600x585.jpg 600w, https:\/\/www.puntuaminegocio.com\/wp-content\/uploads\/2023\/09\/googleplex-300x293.jpg 300w\" sizes=\"auto, (max-width: 480px) 100vw, 480px\" \/><\/p>\n<p>&nbsp;<\/p>\n","protected":false},"excerpt":{"rendered":"<p>Com obtenir lenlla\u00e7 de revisi\u00f3 de Google f\u00e0cilment? Si mai us heu preguntat com obtenir el vostre enlla\u00e7 de ressenya de Google de manera senzilla, no busqueu m\u00e9s. En aquest tutorial pr\u00e0ctic, el guiarem a trav\u00e9s &#8230; <a title=\"Com obtenir l&#8217;enlla\u00e7 de Rese\u00f1a de Google f\u00e0cilment\" class=\"read-more\" href=\"https:\/\/www.puntuaminegocio.com\/ca\/tutorials\/com-obtenir-lenllac-de-resena-de-google-facilment\/\" aria-label=\"M\u00e9s informaci\u00f3 sobre Com obtenir l&#8217;enlla\u00e7 de Rese\u00f1a de Google f\u00e0cilment\">seguir llegint<\/a><\/p>\n","protected":false},"author":1,"featured_media":0,"parent":1311,"menu_order":0,"comment_status":"closed","ping_status":"closed","template":"","meta":{"footnotes":""},"categories":[48],"tags":[],"class_list":{"0":"post-1228","1":"page","2":"type-page","3":"status-publish","5":"category-tutorials"},"panels_data":null,"_links":{"self":[{"href":"https:\/\/www.puntuaminegocio.com\/ca\/wp-json\/wp\/v2\/pages\/1228","targetHints":{"allow":["GET"]}}],"collection":[{"href":"https:\/\/www.puntuaminegocio.com\/ca\/wp-json\/wp\/v2\/pages"}],"about":[{"href":"https:\/\/www.puntuaminegocio.com\/ca\/wp-json\/wp\/v2\/types\/page"}],"author":[{"embeddable":true,"href":"https:\/\/www.puntuaminegocio.com\/ca\/wp-json\/wp\/v2\/users\/1"}],"replies":[{"embeddable":true,"href":"https:\/\/www.puntuaminegocio.com\/ca\/wp-json\/wp\/v2\/comments?post=1228"}],"version-history":[{"count":0,"href":"https:\/\/www.puntuaminegocio.com\/ca\/wp-json\/wp\/v2\/pages\/1228\/revisions"}],"up":[{"embeddable":true,"href":"https:\/\/www.puntuaminegocio.com\/ca\/wp-json\/wp\/v2\/pages\/1311"}],"wp:attachment":[{"href":"https:\/\/www.puntuaminegocio.com\/ca\/wp-json\/wp\/v2\/media?parent=1228"}],"wp:term":[{"taxonomy":"category","embeddable":true,"href":"https:\/\/www.puntuaminegocio.com\/ca\/wp-json\/wp\/v2\/categories?post=1228"},{"taxonomy":"post_tag","embeddable":true,"href":"https:\/\/www.puntuaminegocio.com\/ca\/wp-json\/wp\/v2\/tags?post=1228"}],"curies":[{"name":"wp","href":"https:\/\/api.w.org\/{rel}","templated":true}]}}