{"id":1233,"date":"2023-09-20T11:53:55","date_gmt":"2023-09-20T09:53:55","guid":{"rendered":"https:\/\/www.puntuaminegocio.com\/solucion-de-problemas\/"},"modified":"2023-12-22T11:00:23","modified_gmt":"2023-12-22T10:00:23","slug":"solucio-de-problemes","status":"publish","type":"page","link":"https:\/\/www.puntuaminegocio.com\/ca\/tutorials\/solucio-de-problemes\/","title":{"rendered":"Soluci\u00f3 de problemes"},"content":{"rendered":"<p><strong>Tinc problemes amb la meva targeta \u201cPunta el meu negoci\u201d. La meva targeta no funciona.<br \/>\n<\/strong><\/p>\n<p><strong>Apple:<\/strong><\/p>\n<p>Per als usuaris d&#8217;iPhone 8 o iPhone 7, feu lliscar des de la part inferior de la pantalla per accedir al panell de control. Si teniu un iPhone X, feu lliscar cap avall des del cant\u00f3 superior dret per obrir el centre de control. En tots dos casos, activeu <strong>NFC <\/strong>tocant la icona del lector d&#8217;etiquetes NFC. Ara ja est\u00e0 preparat per interactuar amb altres dispositius, targetes o etiquetes utilitzant la tecnologia NFC.<\/p>\n<p><strong>Android:<\/strong><\/p>\n<ol>\n<li>Iniciar l&#8217;aplicaci\u00f3 Configuraci\u00f3.<\/li>\n<li>Seleccioneu connexions.<\/li>\n<li>Trieu NFC i pagaments sense contacte.<\/li>\n<li>Toqueu l&#8217;interruptor per habilitar NFC.<\/li>\n<li>Seleccioneu els pagaments sense contacte.<\/li>\n<li>Trieu el servei de pagament m\u00f2bil preferit i seguiu les instruccions proporcionades per completar la configuraci\u00f3.<\/li>\n<\/ol>\n<p><strong>S&#8217;obre la meva p\u00e0gina de Google, no la meva p\u00e0gina de revisi\u00f3. Qu\u00e8 he de fer?<\/strong><br \/>\nAssegureu-vos de seguir el nostre tutorial per generar el vostre enlla\u00e7 de revisi\u00f3 (<em><strong><a href=\"https:\/\/www.puntuaminegocio.com\/ca\/tutorials\/\">tutorial<\/a><\/strong><\/em>)<\/p>\n<p>Si tens dificultats, no dubtis a comunicar-te amb nosaltres a <a href=\"mailto:support@puntuaminegocio.com\">support@puntuaminegocio.com.<\/a><\/p>\n","protected":false},"excerpt":{"rendered":"<p>Tinc problemes amb la meva targeta \u201cPunta el meu negoci\u201d. La meva targeta no funciona. Apple: Per als usuaris d&#8217;iPhone 8 o iPhone 7, feu lliscar des de la part inferior de la pantalla per accedir &#8230; <a title=\"Soluci\u00f3 de problemes\" class=\"read-more\" href=\"https:\/\/www.puntuaminegocio.com\/ca\/tutorials\/solucio-de-problemes\/\" aria-label=\"M\u00e9s informaci\u00f3 sobre Soluci\u00f3 de problemes\">seguir llegint<\/a><\/p>\n","protected":false},"author":1,"featured_media":0,"parent":1311,"menu_order":0,"comment_status":"closed","ping_status":"closed","template":"","meta":{"footnotes":""},"categories":[48],"tags":[],"class_list":{"0":"post-1233","1":"page","2":"type-page","3":"status-publish","5":"category-tutorials"},"panels_data":null,"_links":{"self":[{"href":"https:\/\/www.puntuaminegocio.com\/ca\/wp-json\/wp\/v2\/pages\/1233","targetHints":{"allow":["GET"]}}],"collection":[{"href":"https:\/\/www.puntuaminegocio.com\/ca\/wp-json\/wp\/v2\/pages"}],"about":[{"href":"https:\/\/www.puntuaminegocio.com\/ca\/wp-json\/wp\/v2\/types\/page"}],"author":[{"embeddable":true,"href":"https:\/\/www.puntuaminegocio.com\/ca\/wp-json\/wp\/v2\/users\/1"}],"replies":[{"embeddable":true,"href":"https:\/\/www.puntuaminegocio.com\/ca\/wp-json\/wp\/v2\/comments?post=1233"}],"version-history":[{"count":0,"href":"https:\/\/www.puntuaminegocio.com\/ca\/wp-json\/wp\/v2\/pages\/1233\/revisions"}],"up":[{"embeddable":true,"href":"https:\/\/www.puntuaminegocio.com\/ca\/wp-json\/wp\/v2\/pages\/1311"}],"wp:attachment":[{"href":"https:\/\/www.puntuaminegocio.com\/ca\/wp-json\/wp\/v2\/media?parent=1233"}],"wp:term":[{"taxonomy":"category","embeddable":true,"href":"https:\/\/www.puntuaminegocio.com\/ca\/wp-json\/wp\/v2\/categories?post=1233"},{"taxonomy":"post_tag","embeddable":true,"href":"https:\/\/www.puntuaminegocio.com\/ca\/wp-json\/wp\/v2\/tags?post=1233"}],"curies":[{"name":"wp","href":"https:\/\/api.w.org\/{rel}","templated":true}]}}