{"id":1282,"date":"2023-09-14T09:09:50","date_gmt":"2023-09-14T07:09:50","guid":{"rendered":"https:\/\/www.puntuaminegocio.com\/sector-automovilistico\/"},"modified":"2023-12-21T10:44:30","modified_gmt":"2023-12-21T09:44:30","slug":"sector-automobil","status":"publish","type":"page","link":"https:\/\/www.puntuaminegocio.com\/ca\/sector-automobil\/","title":{"rendered":"Sector Autom\u00f2bil"},"content":{"rendered":"<div id=\"pl-1282\"  class=\"panel-layout\" ><div id=\"pg-1282-0\"  class=\"panel-grid panel-has-style\" ><div class=\"slider-sector siteorigin-panels-stretch panel-row-style panel-row-style-for-1282-0\" data-stretch-type=\"full\" ><div id=\"pgc-1282-0-0\"  class=\"panel-grid-cell\" ><div class=\"panel-cell-style panel-cell-style-for-1282-0-0\" ><div id=\"panel-1282-0-0-0\" class=\"so-panel widget widget_siteorigin-panels-builder panel-first-child panel-last-child\" data-index=\"0\" ><div class=\"ancho900 panel-widget-style panel-widget-style-for-1282-0-0-0\" ><div id=\"pl-w658408fed3b13\"  class=\"panel-layout\" ><div id=\"pg-w658408fed3b13-0\"  class=\"panel-grid panel-no-style\" ><div id=\"pgc-w658408fed3b13-0-0\"  class=\"panel-grid-cell\" ><div id=\"panel-w658408fed3b13-0-0-0\" class=\"so-panel widget widget_sow-headline panel-first-child\" data-index=\"0\" ><div\n\t\t\t\n\t\t\tclass=\"so-widget-sow-headline so-widget-sow-headline-default-2c56957920fc so-widget-fittext-wrapper\"\n\t\t\t data-fit-text-compressor=\"0.85\"\n\t\t><div class=\"sow-headline-container \">\n\t\t\t\t\t\t\t<h1 class=\"sow-headline\">\n\t\t\t\t\t\tSector Autom\u00f2bil\t\t\t\t\t\t<\/h1>\n\t\t\t\t\t\t\t\t\t\t\t\t<h2 class=\"sow-sub-headline\">\n\t\t\t\t\t\tIncrementa les vendes gr\u00e0cies a clients satisfets\t\t\t\t\t\t<\/h2>\n\t\t\t\t\t\t<\/div>\n<\/div><\/div><div id=\"panel-w658408fed3b13-0-0-1\" class=\"so-panel widget widget_sow-editor\" data-index=\"1\" ><div\n\t\t\t\n\t\t\tclass=\"so-widget-sow-editor so-widget-sow-editor-base\"\n\t\t\t\n\t\t>\n<div class=\"siteorigin-widget-tinymce textwidget\">\n\t<p>Et presentem una soluci\u00f3 pensada per millorar la visibilitat i la reputaci\u00f3 online dels teus concessionaris i tallers. Augmenta les vendes gr\u00e0cies a clients satisfets.<\/p>\n<\/div>\n<\/div><\/div><div id=\"panel-w658408fed3b13-0-0-2\" class=\"so-panel widget widget_sow-button panel-last-child\" data-index=\"2\" ><div\n\t\t\t\n\t\t\tclass=\"so-widget-sow-button so-widget-sow-button-flat-15d308cce6bf\"\n\t\t\t\n\t\t><div class=\"ow-button-base ow-button-align-left\"\n>\n\t\t\t<a\n\t\t\t\t\thref=\"https:\/\/www.puntuaminegocio.com\/ca\/productes\/\"\n\t\t\t\t\tclass=\"sowb-button ow-icon-placement-left ow-button-hover\" \t>\n\t\t<span>\n\t\t\t\n\t\t\tAconsegueix la targeta\t\t<\/span>\n\t\t\t<\/a>\n\t<\/div>\n<\/div><\/div><\/div><\/div><\/div><\/div><\/div><\/div><\/div><\/div><\/div><div id=\"pg-1282-1\"  class=\"panel-grid panel-has-style\" ><div class=\"ancho1150 panel-row-style panel-row-style-for-1282-1\" ><div id=\"pgc-1282-1-0\"  class=\"panel-grid-cell\" ><div id=\"panel-1282-1-0-0\" class=\"so-panel widget widget_sow-headline panel-first-child\" data-index=\"1\" ><div\n\t\t\t\n\t\t\tclass=\"so-widget-sow-headline so-widget-sow-headline-default-57aa77dc43bb-1282 so-widget-fittext-wrapper\"\n\t\t\t data-fit-text-compressor=\"0.85\"\n\t\t><div class=\"sow-headline-container \">\n\t\t\t\t\t\t\t<h2 class=\"sow-headline\">\n\t\t\t\t\t\tRecopila ressenyes positives amb les nostres ofertes \"Punta el meu negoci\"\t\t\t\t\t\t<\/h2>\n\t\t\t\t\t\t\t\t\t\t\t\t<p class=\"sow-sub-headline\">\n\t\t\t\t\t\tAmb un simple toc, tens loportunitat de reunir sense esfor\u00e7 m\u00e9s de 10 comentaris o ressenyes positives di\u00e0riament. Uneix-te a les files de m\u00e9s de negocis satisfets! Per qu\u00e8 no unir-se a nosaltres tamb\u00e9?\t\t\t\t\t\t<\/p>\n\t\t\t\t\t\t<\/div>\n<\/div><\/div><div id=\"panel-1282-1-0-1\" class=\"so-panel widget widget_sow-editor\" data-index=\"2\" ><div\n\t\t\t\n\t\t\tclass=\"so-widget-sow-editor so-widget-sow-editor-base\"\n\t\t\t\n\t\t>\n<div class=\"siteorigin-widget-tinymce textwidget\">\n\t<div class=\"woocommerce columns-2 \"><ul class=\"products columns-2\">\n<li class=\"sales-flash-overlay woocommerce-text-align-center woocommerce-image-align-center do-quantity-buttons product type-product post-1337 status-publish first instock product_cat-productes product_tag-google-reviews-ca has-post-thumbnail featured taxable shipping-taxable purchasable product-type-variable woovr-active woovr-show-price woovr-show-description\">\n\t<a href=\"https:\/\/www.puntuaminegocio.com\/ca\/producte\/targeta-nfc-per-a-google-reviews\/\" class=\"woocommerce-LoopProduct-link woocommerce-loop-product__link\"><img loading=\"lazy\" decoding=\"async\" width=\"600\" height=\"600\" src=\"https:\/\/www.puntuaminegocio.com\/wp-content\/uploads\/2023\/09\/tarjeta-1-unidad-puntuaminegocio-600x600.png\" class=\"attachment-woocommerce_thumbnail size-woocommerce_thumbnail\" alt=\"Targeta NFC per a Google Reviews\" srcset=\"https:\/\/www.puntuaminegocio.com\/wp-content\/uploads\/2023\/09\/tarjeta-1-unidad-puntuaminegocio-600x600.png 600w, https:\/\/www.puntuaminegocio.com\/wp-content\/uploads\/2023\/09\/tarjeta-1-unidad-puntuaminegocio-100x100.png 100w, https:\/\/www.puntuaminegocio.com\/wp-content\/uploads\/2023\/09\/tarjeta-1-unidad-puntuaminegocio-300x300.png 300w, https:\/\/www.puntuaminegocio.com\/wp-content\/uploads\/2023\/09\/tarjeta-1-unidad-puntuaminegocio-150x150.png 150w, https:\/\/www.puntuaminegocio.com\/wp-content\/uploads\/2023\/09\/tarjeta-1-unidad-puntuaminegocio.png 700w\" sizes=\"auto, (max-width: 600px) 100vw, 600px\" title=\"\"><h2 class=\"woocommerce-loop-product__title\">Targeta NFC per a Google Reviews<\/h2>\n\t<span class=\"price\">Des: <span class=\"woocommerce-Price-amount amount\"><bdi><span class=\"woocommerce-Price-currencySymbol\">&euro;<\/span>29.89<\/bdi><\/span><\/span>\n<\/a><\/li>\n<li class=\"sales-flash-overlay woocommerce-text-align-center woocommerce-image-align-center do-quantity-buttons product type-product post-1426 status-publish last instock product_cat-productes product_tag-google-reviews-ca product_tag-soporte-de-tarjeta-nfc-ca product_tag-stand-ca product_tag-suport-ca has-post-thumbnail taxable shipping-taxable purchasable product-type-variable woovr-active woovr-show-price woovr-show-description\">\n\t<a href=\"https:\/\/www.puntuaminegocio.com\/ca\/producte\/suport-de-targeta-nfc-per-a-google-reviews\/\" class=\"woocommerce-LoopProduct-link woocommerce-loop-product__link\"><img loading=\"lazy\" decoding=\"async\" width=\"600\" height=\"600\" src=\"https:\/\/www.puntuaminegocio.com\/wp-content\/uploads\/2023\/11\/soporte-de-tarjeta-nfc-para-google-reviews-puntuaminegocio-600x600.jpg\" class=\"attachment-woocommerce_thumbnail size-woocommerce_thumbnail\" alt=\"Soporte de tarjeta NFC para Google Reviews\" srcset=\"https:\/\/www.puntuaminegocio.com\/wp-content\/uploads\/2023\/11\/soporte-de-tarjeta-nfc-para-google-reviews-puntuaminegocio-600x600.jpg 600w, https:\/\/www.puntuaminegocio.com\/wp-content\/uploads\/2023\/11\/soporte-de-tarjeta-nfc-para-google-reviews-puntuaminegocio-100x100.jpg 100w, https:\/\/www.puntuaminegocio.com\/wp-content\/uploads\/2023\/11\/soporte-de-tarjeta-nfc-para-google-reviews-puntuaminegocio-300x300.jpg 300w, https:\/\/www.puntuaminegocio.com\/wp-content\/uploads\/2023\/11\/soporte-de-tarjeta-nfc-para-google-reviews-puntuaminegocio-150x150.jpg 150w, https:\/\/www.puntuaminegocio.com\/wp-content\/uploads\/2023\/11\/soporte-de-tarjeta-nfc-para-google-reviews-puntuaminegocio.jpg 700w\" sizes=\"auto, (max-width: 600px) 100vw, 600px\" title=\"\"><h2 class=\"woocommerce-loop-product__title\">Suport de targeta NFC per a Google Reviews<\/h2>\n\t<span class=\"price\">Des: <span class=\"woocommerce-Price-amount amount\"><bdi><span class=\"woocommerce-Price-currencySymbol\">&euro;<\/span>36.95<\/bdi><\/span><\/span>\n<\/a><\/li>\n<\/ul>\n<\/div>\n<\/div>\n<\/div><\/div><div id=\"panel-1282-1-0-2\" class=\"so-panel widget widget_sow-image panel-last-child\" data-index=\"3\" ><div\n\t\t\t\n\t\t\tclass=\"so-widget-sow-image so-widget-sow-image-default-f5d69fcb49b2-1282\"\n\t\t\t\n\t\t>\n<div class=\"sow-image-container\">\n\t\t<img loading=\"lazy\" decoding=\"async\" src=\"https:\/\/www.puntuaminegocio.com\/wp-content\/uploads\/2023\/09\/logo-puntua-mi-negocio-1.gif\" width=\"150\" height=\"150\" sizes=\"auto, (max-width: 150px) 100vw, 150px\" title=\"logo-puntua-mi-negocio\" alt=\"\" class=\"so-widget-image\">\n\t<\/div>\n\n<\/div><\/div><\/div><\/div><\/div><\/div>","protected":false},"excerpt":{"rendered":"<p>Sector Autom\u00f2bil Incrementa les vendes gr\u00e0cies a clients satisfets Et presentem una soluci\u00f3 pensada per millorar la visibilitat i la reputaci\u00f3 online dels teus concessionaris i tallers. Augmenta les vendes gr\u00e0cies a clients satisfets. Aconsegueix la &#8230; <a title=\"Sector Autom\u00f2bil\" class=\"read-more\" href=\"https:\/\/www.puntuaminegocio.com\/ca\/sector-automobil\/\" aria-label=\"M\u00e9s informaci\u00f3 sobre Sector Autom\u00f2bil\">seguir llegint<\/a><\/p>\n","protected":false},"author":1,"featured_media":0,"parent":0,"menu_order":0,"comment_status":"closed","ping_status":"closed","template":"","meta":{"footnotes":""},"categories":[51],"tags":[],"class_list":{"0":"post-1282","1":"page","2":"type-page","3":"status-publish","5":"category-sectors"},"panels_data":{"widgets":[{"panels_data":{"widgets":[{"headline":{"text":"Sector Autom\u00f2bil","destination_url":"","tag":"h1","color":false,"hover_color":false,"font":"default","font_size":false,"font_size_unit":"px","align":"left","mobile_align":"center","line_height":false,"line_height_unit":"px","margin":false,"margin_unit":"px","so_field_container_state":"open","new_window":false},"sub_headline":{"text":"Incrementa les vendes gr\u00e0cies a clients satisfets","destination_url":"","tag":"h2","color":false,"hover_color":false,"font":"default","font_size":false,"font_size_unit":"px","align":"left","mobile_align":"center","line_height":false,"line_height_unit":"px","margin":false,"margin_unit":"px","so_field_container_state":"open","new_window":false},"divider":{"style":"none","color":"#eee","thickness":1,"align":"center","mobile_align":"center","width":"80%","width_unit":"%","margin":false,"margin_unit":"px","so_field_container_state":"open"},"order":["headline","divider","sub_headline"],"fittext":true,"fittext_compressor":0.84999999999999998,"_sow_form_id":"2346060696509714819b65017161615","_sow_form_timestamp":"1703151261193","so_sidebar_emulator_id":"sow-headline-128220000","option_name":"widget_sow-headline","panels_info":{"class":"SiteOrigin_Widget_Headline_Widget","raw":false,"grid":0,"cell":0,"id":0,"widget_id":"0225dce0-9dc3-44d7-969a-ade0c8894a52","style":{"background_image_attachment":false,"background_display":"tile","background_image_size":"full","background_image_opacity":"100","border_thickness":"1px"}}},{"title":"","text":"<p>Et presentem una soluci\u00f3 pensada per millorar la visibilitat i la reputaci\u00f3 online dels teus concessionaris i tallers. Augmenta les vendes gr\u00e0cies a clients satisfets.<\/p>\n","text_selected_editor":"tmce","autop":true,"_sow_form_id":"1320549126509716456442514728643","_sow_form_timestamp":"1703151395859","so_sidebar_emulator_id":"sow-editor-128220001","option_name":"widget_sow-editor","panels_info":{"class":"SiteOrigin_Widget_Editor_Widget","raw":false,"grid":0,"cell":0,"id":1,"widget_id":"d769bba5-712b-42ef-8dbb-0103e6e48f47","style":{"background_image_attachment":false,"background_display":"tile","background_image_size":"full","background_image_opacity":"100","border_thickness":"1px"}}},{"text":"Aconsegueix la targeta","url":"post: 1296","button_icon":{"icon_selected":"","icon_color":false,"icon":0,"icon_placement":"left","so_field_container_state":"open"},"design":{"width":false,"width_unit":"px","align":"left","mobile_align":"center","theme":"flat","button_color":false,"text_color":false,"hover":true,"hover_background_color":false,"hover_text_color":false,"font":"default","font_size":"1em","font_size_unit":"em","icon_size":"1.3em","icon_size_unit":"em","padding":"1em","padding_unit":"em","rounding":"0.25em 0.25em 0.25em 0.25em","so_field_container_state":"open"},"attributes":{"id":"","classes":"","title":"","on_click":"","rel":"","so_field_container_state":"closed"},"_sow_form_id":"4869169906509717019ee0514285315","_sow_form_timestamp":"1703151865462","panels_info":{"class":"SiteOrigin_Widget_Button_Widget","grid":0,"cell":0,"id":2,"widget_id":"72074287-0be7-45cc-9860-360ad4dbc44a","style":{"background_image_attachment":false,"background_display":"tile","background_image_size":"full","background_image_opacity":"100","border_thickness":"1px"}},"new_window":false,"download":false,"so_sidebar_emulator_id":"sow-button-128220002","option_name":"widget_sow-button"}],"grids":[{"cells":1,"style":[]}],"grid_cells":[{"grid":0,"index":0,"weight":1,"style":[]}]},"builder_id":"658408fed3b13","panels_info":{"class":"SiteOrigin_Panels_Widgets_Layout","grid":0,"cell":0,"id":0,"widget_id":"c8744c3e-c538-41aa-bdfc-4a91cd1969d6","style":{"class":"ancho900","background_image_attachment":false,"background_display":"tile","background_image_size":"full","background_image_opacity":"100","border_thickness":"1px"}},"so_sidebar_emulator_id":"siteorigin-panels-builder-128210000","option_name":"widget_siteorigin-panels-builder"},{"headline":{"text":"Recopila ressenyes positives amb les nostres ofertes \"Punta el meu negoci\"","destination_url":"","tag":"h2","color":false,"hover_color":false,"font":"default","font_size":false,"font_size_unit":"px","align":"center","mobile_align":"center","line_height":false,"line_height_unit":"px","margin":false,"margin_unit":"px","so_field_container_state":"open","new_window":false},"sub_headline":{"text":"Amb un simple toc, tens loportunitat de reunir sense esfor\u00e7 m\u00e9s de 10 comentaris o ressenyes positives di\u00e0riament. Uneix-te a les files de m\u00e9s de negocis satisfets! Per qu\u00e8 no unir-se a nosaltres tamb\u00e9?","destination_url":"","tag":"p","color":false,"hover_color":false,"font":"default","font_size":false,"font_size_unit":"px","align":"center","mobile_align":"center","line_height":false,"line_height_unit":"px","margin":false,"margin_unit":"px","so_field_container_state":"open","new_window":false},"divider":{"style":"none","color":"#eee","thickness":1,"align":"center","mobile_align":"center","width":"100%","width_unit":"%","margin":"60px","margin_unit":"px","so_field_container_state":"open"},"order":["divider","headline","sub_headline"],"fittext":true,"fittext_compressor":0.84999999999999998,"_sow_form_id":"2140377388650315159e282496360141","_sow_form_timestamp":"1703151422289","so_sidebar_emulator_id":"sow-headline-128220001","option_name":"widget_sow-headline","panels_info":{"class":"SiteOrigin_Widget_Headline_Widget","raw":false,"grid":1,"cell":0,"id":1,"widget_id":"633f7fb1-d5da-43c7-8cf5-f6e6a9e72b3b","style":{"background_image_attachment":false,"background_display":"tile","background_image_size":"full","background_image_opacity":"100","border_thickness":"1px"}}},{"title":"","text":"[products orderby=\"id\" order=\"ASC\"]","text_selected_editor":"html","autop":true,"_sow_form_id":"18625598416509663f686fc761456002","_sow_form_timestamp":"1701942589466","so_sidebar_emulator_id":"sow-editor-128220002","option_name":"widget_sow-editor","panels_info":{"class":"SiteOrigin_Widget_Editor_Widget","raw":false,"grid":1,"cell":0,"id":2,"widget_id":"689b5410-d234-440d-b92d-ab4e6c98d025","style":{"background_image_attachment":false,"background_display":"tile","background_image_size":"full","background_image_opacity":"100","border_thickness":"1px"}}},{"image":829,"image_fallback":"","size":"thumb","size_width":"","size_height":"","size_external":"custom_size","size_external_width":"","size_external_height":"","align":"center","title_align":"center","title":"","title_position":"hidden","alt":"","url":"","bound":true,"rel":"","image_shape":{"shape":"circle","repeat":"no-repeat","size":false,"size_unit":"px","alignment":"center","so_field_container_state":"open","enable":false},"_sow_form_id":"1290112369650971898c6ed797965502","_sow_form_timestamp":"1695117720819","link_title":false,"new_window":false,"full_width":false,"so_sidebar_emulator_id":"sow-image-128220003","option_name":"widget_sow-image","panels_info":{"class":"SiteOrigin_Widget_Image_Widget","raw":false,"grid":1,"cell":0,"id":3,"widget_id":"a9ff5a92-bc7e-4db7-a35c-b386ccf5564c","style":{"background_image_attachment":false,"background_display":"tile","background_image_size":"full","border_thickness":"1px"}}}],"grids":[{"cells":1,"style":{"class":"slider-sector","mobile_padding":"0px 0px 0px 0px","background_image_attachment":"774","background_image_attachment_fallback":false,"background_display":"fixed","background_image_size":"full","border_thickness":"1px","box_shadow":true,"box_shadow_color":"rgba(0,0,0,0.15)","box_shadow_inset":"","box_shadow_offset_vertical":"5px","box_shadow_blur":"15px","box_shadow_hover":true,"box_shadow_hover_color":"rgba(0,0,0,0.3)","box_shadow_hover_inset":"","box_shadow_hover_offset_vertical":"5px","box_shadow_hover_blur":"15px","full_height":"","bottom_margin":"50px","row_stretch":"full","cell_alignment":"center"}},{"cells":1,"style":{"class":"ancho1150","background_image_attachment":false,"background_display":"tile","background_image_size":"full","border_thickness":"1px","full_height":"","bottom_margin":"80px","cell_alignment":"flex-start"}}],"grid_cells":[{"grid":0,"index":0,"weight":1,"style":{"padding":"80px 0px 80px 0px","background_image_attachment":false,"background_display":"tile","background_image_size":"full","border_thickness":"1px","vertical_alignment":"auto"}},{"grid":1,"index":0,"weight":1,"style":[]}]},"_links":{"self":[{"href":"https:\/\/www.puntuaminegocio.com\/ca\/wp-json\/wp\/v2\/pages\/1282","targetHints":{"allow":["GET"]}}],"collection":[{"href":"https:\/\/www.puntuaminegocio.com\/ca\/wp-json\/wp\/v2\/pages"}],"about":[{"href":"https:\/\/www.puntuaminegocio.com\/ca\/wp-json\/wp\/v2\/types\/page"}],"author":[{"embeddable":true,"href":"https:\/\/www.puntuaminegocio.com\/ca\/wp-json\/wp\/v2\/users\/1"}],"replies":[{"embeddable":true,"href":"https:\/\/www.puntuaminegocio.com\/ca\/wp-json\/wp\/v2\/comments?post=1282"}],"version-history":[{"count":0,"href":"https:\/\/www.puntuaminegocio.com\/ca\/wp-json\/wp\/v2\/pages\/1282\/revisions"}],"wp:attachment":[{"href":"https:\/\/www.puntuaminegocio.com\/ca\/wp-json\/wp\/v2\/media?parent=1282"}],"wp:term":[{"taxonomy":"category","embeddable":true,"href":"https:\/\/www.puntuaminegocio.com\/ca\/wp-json\/wp\/v2\/categories?post=1282"},{"taxonomy":"post_tag","embeddable":true,"href":"https:\/\/www.puntuaminegocio.com\/ca\/wp-json\/wp\/v2\/tags?post=1282"}],"curies":[{"name":"wp","href":"https:\/\/api.w.org\/{rel}","templated":true}]}}