{"id":1305,"date":"2023-09-08T13:35:34","date_gmt":"2023-09-08T11:35:34","guid":{"rendered":"https:\/\/www.puntuaminegocio.com\/politica-de-reembolso\/"},"modified":"2023-09-08T13:35:34","modified_gmt":"2023-09-08T11:35:34","slug":"politica-de-reembolso","status":"publish","type":"page","link":"https:\/\/www.puntuaminegocio.com\/ca\/politica-de-reembolso\/","title":{"rendered":"Pol\u00edtica de reembolso"},"content":{"rendered":"<p><strong>Pol\u00edtica de devoluci\u00f3n de 30 d\u00edas y proceso de devoluci\u00f3n<\/strong><\/p>\n<p>Nuestra pol\u00edtica de devoluci\u00f3n le ofrece 30 d\u00edas generosos a partir de la fecha de recibir su art\u00edculo para iniciar una solicitud de devoluci\u00f3n.<\/p>\n<p>Para una devoluci\u00f3n exitosa, su art\u00edculo debe estar en condiciones impecables, sin usar o sin usar, con todas las etiquetas originales intactas y en su embalaje original. Adem\u00e1s, deber\u00e1 presentar el recibo o el comprobante de compra.<\/p>\n<p>Para comenzar el proceso de devoluci\u00f3n, comun\u00edquese con nosotros a support@qwiktap.io<\/p>\n<p>Una vez que se autorice su devoluci\u00f3n, recibir\u00e1 una etiqueta de env\u00edo de devoluci\u00f3n junto con instrucciones detalladas sobre d\u00f3nde y c\u00f3mo enviar su paquete. Tenga en cuenta que las devoluciones enviadas sin autorizaci\u00f3n previa no ser\u00e1n aceptadas.<\/p>\n<p>No dude en contactarnos en support@qwiktap.io<\/p>\n<p>Para cualquier consulta sobre devoluciones.<\/p>\n<p><strong>Abordar da\u00f1os y problemas<\/strong><\/p>\n<p>Le solicitamos amablemente que inspeccione a fondo su pedido tras la entrega. Si identifica alg\u00fan defecto, da\u00f1os o recibe un art\u00edculo incorrecto, p\u00f3ngase en contacto con nosotros de inmediato. Esto nos permitir\u00e1 abordar r\u00e1pidamente el asunto y rectificarlo.<\/p>\n<p><b>Procedimiento de intercambio<\/b><\/p>\n<p>Para una resoluci\u00f3n r\u00e1pida, considere devolver el art\u00edculo que tiene. Una vez que se apruebe su devoluci\u00f3n, puede proceder a realizar una compra por separado para el art\u00edculo deseado.<\/p>\n<p><b>Per\u00edodo de enfriamiento de 14 d\u00edas de la Uni\u00f3n Europea<\/b><\/p>\n<p>De acuerdo con las regulaciones de la Uni\u00f3n Europea, si su mercanc\u00eda se env\u00eda a la UE, tiene derecho a cancelar o devolver su pedido dentro de los 14 d\u00edas sin ninguna justificaci\u00f3n espec\u00edfica. La condici\u00f3n para esto sigue siendo consistente: el art\u00edculo debe estar en la misma condici\u00f3n que recibida, sin usar, con etiquetas y en su embalaje original. Retener el recibo o el comprobante de compra es esencial.<\/p>\n<p><b>Proceso de reembolso<\/b><\/p>\n<p>Al recibir e inspeccionar su devoluci\u00f3n, le notificaremos de inmediato sobre el estado de su aprobaci\u00f3n de reembolso. Si se aprueba, el reembolso se procesar\u00e1 autom\u00e1ticamente a su m\u00e9todo de pago original dentro de los 10 d\u00edas h\u00e1biles. Tenga en cuenta que el procesamiento y la publicaci\u00f3n del reembolso por parte de su banco o compa\u00f1\u00eda de tarjetas de cr\u00e9dito pueden tomar un tiempo adicional.<\/p>\n<p>Si han transcurrido m\u00e1s de 15 d\u00edas h\u00e1biles desde que se aprob\u00f3 su regreso, comun\u00edquese con nosotros a support@qwiktap.com<\/p>\n","protected":false},"excerpt":{"rendered":"<p>Pol\u00edtica de devoluci\u00f3n de 30 d\u00edas y proceso de devoluci\u00f3n Nuestra pol\u00edtica de devoluci\u00f3n le ofrece 30 d\u00edas generosos a partir de la fecha de recibir su art\u00edculo para iniciar una solicitud de devoluci\u00f3n. Para una &#8230; <a title=\"Pol\u00edtica de reembolso\" class=\"read-more\" href=\"https:\/\/www.puntuaminegocio.com\/ca\/politica-de-reembolso\/\" aria-label=\"M\u00e9s informaci\u00f3 sobre Pol\u00edtica de reembolso\">seguir llegint<\/a><\/p>\n","protected":false},"author":1,"featured_media":0,"parent":0,"menu_order":0,"comment_status":"closed","ping_status":"closed","template":"","meta":{"footnotes":""},"categories":[54],"tags":[],"class_list":{"0":"post-1305","1":"page","2":"type-page","3":"status-publish","5":"category-politiques"},"panels_data":null,"_links":{"self":[{"href":"https:\/\/www.puntuaminegocio.com\/ca\/wp-json\/wp\/v2\/pages\/1305","targetHints":{"allow":["GET"]}}],"collection":[{"href":"https:\/\/www.puntuaminegocio.com\/ca\/wp-json\/wp\/v2\/pages"}],"about":[{"href":"https:\/\/www.puntuaminegocio.com\/ca\/wp-json\/wp\/v2\/types\/page"}],"author":[{"embeddable":true,"href":"https:\/\/www.puntuaminegocio.com\/ca\/wp-json\/wp\/v2\/users\/1"}],"replies":[{"embeddable":true,"href":"https:\/\/www.puntuaminegocio.com\/ca\/wp-json\/wp\/v2\/comments?post=1305"}],"version-history":[{"count":0,"href":"https:\/\/www.puntuaminegocio.com\/ca\/wp-json\/wp\/v2\/pages\/1305\/revisions"}],"wp:attachment":[{"href":"https:\/\/www.puntuaminegocio.com\/ca\/wp-json\/wp\/v2\/media?parent=1305"}],"wp:term":[{"taxonomy":"category","embeddable":true,"href":"https:\/\/www.puntuaminegocio.com\/ca\/wp-json\/wp\/v2\/categories?post=1305"},{"taxonomy":"post_tag","embeddable":true,"href":"https:\/\/www.puntuaminegocio.com\/ca\/wp-json\/wp\/v2\/tags?post=1305"}],"curies":[{"name":"wp","href":"https:\/\/api.w.org\/{rel}","templated":true}]}}