{"id":1314,"date":"2023-09-06T19:08:51","date_gmt":"2023-09-06T17:08:51","guid":{"rendered":"https:\/\/www.puntuaminegocio.com\/faqs\/"},"modified":"2024-09-09T18:31:43","modified_gmt":"2024-09-09T16:31:43","slug":"faqs","status":"publish","type":"page","link":"https:\/\/www.puntuaminegocio.com\/ca\/faqs\/","title":{"rendered":"FAQ <br> <small>Tens preguntes? Tenim les respostes<\/small>"},"content":{"rendered":"<p>&nbsp;<\/p>\n<h3>Com has d&#8217;activar la teva targeta \u00abPunta el meu negoci\u00bb?<\/h3>\n<p>Un cop rebi la targeta, per actuar-la pot seguir els passos del tutorial seg\u00fcent: <strong><em><a href=\"https:\/\/www.puntuaminegocio.com\/ca\/tutorials\/activa-la-targeta-puntua-el-meu-negoci\/\" target=\"_blank\" rel=\"noopener\">clica aqu\u00ed.<\/a><\/em><\/strong><\/p>\n<hr \/>\n<h3>Qu\u00e8 \u00e9s la targeta tap NFC &#8220;Punta El meu negoci&#8221;?<\/h3>\n<p>Una targeta tap NFC &#8220;Puntua El meu Negoci&#8221; \u00e9s una targeta especialitzada i equipada amb tecnologia Near Field Communication (NFC). Permet als usuaris tocar la targeta contra un dispositiu habilitat per a NFC, com ara un tel\u00e8fon intel\u00b7ligent, per activar accions o interaccions espec\u00edfiques. En el cas de les tap cards &#8220;Punta el meu negoci&#8221;, estan dissenyades per simplificar el proc\u00e9s de deixar ressenyes a Google. En tocar la targeta &#8220;Punta El meu negoci&#8221; en un dispositiu compatible, els clients poden accedir c\u00f2modament a la p\u00e0gina d&#8217;enviament de ressenyes i compartir els seus comentaris amb facilitat.<\/p>\n<hr \/>\n<h3>Quins s\u00f3n els beneficis d&#8217;utilitzar la targeta &#8220;Punta el meu negoci&#8221;?<\/h3>\n<p>L&#8217;\u00fas de targetes &#8220;Puntua El meu negoci&#8221; ofereix una gamma de beneficis que poden millorar significativament el teu negoci.<br \/>\nAugment de les ressenyes: les targetes &#8220;Puntua El meu negoci&#8221; faciliten que els seus clients deixin ressenyes a Google, cosa que augmenta la seva reputaci\u00f3 i credibilitat en l\u00ednia.<br \/>\nComprom\u00eds amb el client: les targetes &#8220;Puntua El meu negoci&#8221; brinden una manera convenient d&#8217;interactuar activament amb els seus clients, incitant-los a compartir els seus comentaris i experi\u00e8ncies.<br \/>\nEn resum, les targetes &#8220;Punta el meu negoci&#8221; proporcionen un poder\u00f3s conjunt d&#8217;eines per optimitzar les teves ressenyes en l\u00ednia, augmentar la participaci\u00f3 del client i, en \u00faltima inst\u00e0ncia, impulsar l&#8217;\u00e8xit del teu negoci.<\/p>\n<hr \/>\n<h3>Quantes ressenyes puc recopilar usant la targeta &#8220;Punta el meu negoci&#8221;?<\/h3>\n<p>Amb la targeta &#8220;Punta el meu negoci&#8221; no hi ha l\u00edmit en la quantitat de ressenyes que pots recopilar. La nostra soluci\u00f3 et permet recopilar una quantitat infinita de ressenyes, cosa que garanteix que la teva reputaci\u00f3 en l\u00ednia no tingui l\u00edmits.<br \/>\nExperimenti la llibertat de recopilar tantes ressenyes com vulguis per al teu negoci. Experimenta infinites possibilitats ja!<\/p>\n<hr \/>\n<h3>Les targetes &#8220;Puntua El meu Negoci&#8221; tenen una data de venciment espec\u00edfic?<\/h3>\n<p>Pel que fa al per\u00edode de validesa de la targeta &#8220;Punta el meu negoci&#8221;, t&#8217;encantar\u00e0 saber que \u00e9s per a tota la vida. Quan obtinguis la teva targeta &#8220;Punta el meu negoci&#8221;, aquesta mant\u00e9 una vig\u00e8ncia indefinida, assegurant beneficis a llarg termini per al teu negoci.<br \/>\nGaudeix del valor durador de la targeta &#8220;Punta el meu negoci&#8221; i aprofita els seus beneficis durant el temps que necessitis. Experimenti una soluci\u00f3 que resisteix la prova del temps!<\/p>\n<hr \/>\n<h3>Puc modificar l&#8217;enlla\u00e7 de la meva targeta &#8220;Punta el meu negoci&#8221;?<\/h3>\n<p>Absolutament! Amb la targeta &#8220;Punta el meu negoci&#8221;, tens la flexibilitat de canviar l&#8217;enlla\u00e7 de ressenyes sense esfor\u00e7.<br \/>\nPer con\u00e8ixer els senzills passos per actualitzar l&#8217;enlla\u00e7 de la targeta &#8220;Punta El meu negoci&#8221;, hem preparat un \u00fatil tutorial per a tu. Simplement seguiu aquest tutorial per dominar r\u00e0pidament el proc\u00e9s i realitzar els canvis desitjats.<\/p>\n<hr \/>\n<h3>Qu\u00e8 he de fer despr\u00e9s de rebre la targeta &#8220;Punta el meu negoci&#8221;?<\/h3>\n<p>Despr\u00e9s de rebre la teva targeta &#8220;Punta el meu negoci&#8221;, potser et preguntis qu\u00e8 fer a continuaci\u00f3. No et preocupis, ho tenim cobert! Hem preparat una s\u00e8rie de tutorials que demostren el senzill proc\u00e9s d&#8217;inserir el vostre enlla\u00e7 de ressenya de Google a la seva &#8220;Puntua El meu Negoci&#8221;. \u00c9s incre\u00efblement f\u00e0cil de seguir. Feu clic aqu\u00ed per veure el tutorial complet i comen\u00e7ar.<br \/>\nNom\u00e9s necessites realitzar la instal\u00b7laci\u00f3 una vegada i llest. En cas que trobeu alguna dificultat, el nostre servei d&#8217;atenci\u00f3 al client est\u00e0 disponible per guiar-vos a trav\u00e9s de la configuraci\u00f3 inicial, garantint el vostre \u00e8xit en cada pas del cam\u00ed.<\/p>\n<hr \/>\n<h3>Si demano m\u00e9s d&#8217;una targeta, podeu assignar cada targeta a un negoci diferent?<\/h3>\n<p>S\u00ed, cada targeta es pot assignar a un negoci diferent. La targeta &#8220;Punta el meu negoci&#8221; us permet personalitzar i configurar m\u00faltiples targetes segons les necessitats espec\u00edfiques del vostre negoci. D&#8217;aquesta manera, podreu gestionar i promocionar f\u00e0cilment diferents negocis utilitzant targetes individuals adaptades a cadascun.<\/p>\n<hr \/>\n<h3>Els meus clients necessiten un compte de Google per escriure una ressenya?<\/h3>\n<p>Per proporcionar una avaluaci\u00f3 del vostre negoci, els clients han de tenir un compte de Google. Tingueu la seguretat que la majoria dels usuaris de tel\u00e8fons intel\u00b7ligents ja tenen un compte de Google a trav\u00e9s de plataformes populars com YouTube, Gmail o Google Maps. De fet, un sorprenent 93% dels usuaris de tel\u00e8fons intel\u00b7ligents tenen un compte de Google actiu.<br \/>\nEn aprofitar l&#8217;\u00fas generalitzat dels comptes de Google, la targeta &#8220;Puntua Mi Negocio&#8221; garanteix que una gran majoria dels clients podran compartir les seves opinions sense esfor\u00e7.<\/p>\n<p><strong>Temps d&#8217;enviament de la targeta &#8220;Punta el meu negoci&#8221;<\/strong><\/p>\n<ul>\n<li><strong><em>Processament de comandes<\/em><\/strong>: 1-5 dies h\u00e0bils*<\/li>\n<li><strong><em>Durada de l&#8217;enviament<\/em><\/strong>: 7-15 dies h\u00e0bils*<\/li>\n<\/ul>\n<hr \/>\n<h3>Funciona la targeta per a un lloc de comer\u00e7 electr\u00f2nic?<\/h3>\n<p>No. La targeta est\u00e0 destinada als establiments f\u00edsics.<br \/>\nA m\u00e9s, \u00e9s recomanable tenir m\u00e9s duna targeta quan hi ha diversos membres del teu personal que estan en contacte amb els clients. Com m\u00e9s punts de contacte hi hagi, m\u00e9s gran ser\u00e0 el nombre de ressenyes.<\/p>\n<p>&nbsp;<\/p>\n","protected":false},"excerpt":{"rendered":"<p>&nbsp; Com has d&#8217;activar la teva targeta \u00abPunta el meu negoci\u00bb? Un cop rebi la targeta, per actuar-la pot seguir els passos del tutorial seg\u00fcent: clica aqu\u00ed. Qu\u00e8 \u00e9s la targeta tap NFC &#8220;Punta El meu &#8230; <a title=\"FAQ  Tens preguntes? Tenim les respostes\" class=\"read-more\" href=\"https:\/\/www.puntuaminegocio.com\/ca\/faqs\/\" aria-label=\"M\u00e9s informaci\u00f3 sobre FAQ  Tens preguntes? Tenim les respostes\">seguir llegint<\/a><\/p>\n","protected":false},"author":1,"featured_media":0,"parent":0,"menu_order":0,"comment_status":"closed","ping_status":"closed","template":"","meta":{"footnotes":""},"categories":[48],"tags":[],"class_list":{"0":"post-1314","1":"page","2":"type-page","3":"status-publish","5":"category-tutorials"},"panels_data":null,"_links":{"self":[{"href":"https:\/\/www.puntuaminegocio.com\/ca\/wp-json\/wp\/v2\/pages\/1314","targetHints":{"allow":["GET"]}}],"collection":[{"href":"https:\/\/www.puntuaminegocio.com\/ca\/wp-json\/wp\/v2\/pages"}],"about":[{"href":"https:\/\/www.puntuaminegocio.com\/ca\/wp-json\/wp\/v2\/types\/page"}],"author":[{"embeddable":true,"href":"https:\/\/www.puntuaminegocio.com\/ca\/wp-json\/wp\/v2\/users\/1"}],"replies":[{"embeddable":true,"href":"https:\/\/www.puntuaminegocio.com\/ca\/wp-json\/wp\/v2\/comments?post=1314"}],"version-history":[{"count":0,"href":"https:\/\/www.puntuaminegocio.com\/ca\/wp-json\/wp\/v2\/pages\/1314\/revisions"}],"wp:attachment":[{"href":"https:\/\/www.puntuaminegocio.com\/ca\/wp-json\/wp\/v2\/media?parent=1314"}],"wp:term":[{"taxonomy":"category","embeddable":true,"href":"https:\/\/www.puntuaminegocio.com\/ca\/wp-json\/wp\/v2\/categories?post=1314"},{"taxonomy":"post_tag","embeddable":true,"href":"https:\/\/www.puntuaminegocio.com\/ca\/wp-json\/wp\/v2\/tags?post=1314"}],"curies":[{"name":"wp","href":"https:\/\/api.w.org\/{rel}","templated":true}]}}