{"id":1317,"date":"2023-09-06T19:08:51","date_gmt":"2023-09-06T17:08:51","guid":{"rendered":"https:\/\/www.puntuaminegocio.com\/sobre-nosotros\/"},"modified":"2023-12-22T14:42:54","modified_gmt":"2023-12-22T13:42:54","slug":"sobre-nosaltres","status":"publish","type":"page","link":"https:\/\/www.puntuaminegocio.com\/ca\/sobre-nosaltres\/","title":{"rendered":"Sobre nosaltres"},"content":{"rendered":"<p>Et presentem la targeta \u00ab<a href=\"https:\/\/www.puntuaminegocio.com\/ca\/productes\/\" target=\"_blank\" rel=\"noopener\"><strong>Puntua El meu Negoci<\/strong><\/a>\u00bb: Amb ella eleva la reputaci\u00f3 en l\u00ednia de la teva empresa amb la tecnologia NFC i les ressenyes de Google!<\/p>\n<p>Vol millorar la teva reputaci\u00f3 en l\u00ednia i recopilar sense esfor\u00e7os comentaris valuosos dels teus clients? No busqui m\u00e9s, aquesta targeta \u00e9s la teva soluci\u00f3!<\/p>\n<p>El nostre producte innovador aprofita el poder de la tecnologia NFC combinat amb els extraordinaris avantatges de les ressenyes de Google per a ajudar-te a aconseguir exactament eso.la tecnologia NFC (Near Field Communication) \u00e9s el nucli de la nostra soluci\u00f3. A trav\u00e9s de la nostra targeta NFC, pots brindar-los als teus clients una manera c\u00f2moda i senzilla de deixar ressenyes \/ valoracions sobre el teu negoci.<\/p>\n<p>A aquestes targetes es pot accedir f\u00e0cilment amb qualsevol dispositiu habilitat per a NFC, com un tel\u00e8fon intel\u00b7ligent, redirigint instant\u00e0niament als usuaris a la teva p\u00e0gina de revisi\u00f3 dedicada de Google (a la teva fitxa de Google MyBusiness).<\/p>\n<p>Per\u00f2, per qu\u00e8 les ressenyes de Google s\u00f3n tan importants per al teu negoci? En l&#8217;actualitat, les ressenyes en l\u00ednia s&#8217;han convertit en un component fonamental per a generar confian\u00e7a i atreure nous clients. Les ressenyes de Google, en particular, tenen un pes significatiu i influeixen en les decisions dels clients o compradors potencials. Les ressenyes positives poden disparar la seva credibilitat, millorar la visibilitat de la marca i impulsar la participaci\u00f3 del client, generant aix\u00ed majors vendes i ingressos.<\/p>\n<p>En incorporar les nostres targetes amb tecnologia NFC en la seva estrat\u00e8gia comercial i d&#8217;empresa, permet als seus clients deixar ressenyes amb un simple toc, eliminant qualsevol barrera o inconvenient. Aquest enfocament f\u00e0cil d&#8217;usar i centrat en l&#8217;usuari, no sols agilitza el proc\u00e9s de revisi\u00f3, sin\u00f3 que tamb\u00e9 fomenta una major participaci\u00f3 dels seus clients satisfets.<\/p>\n<p><strong>Imagina les possibilitats:<\/strong><\/p>\n<ul>\n<li>capturar sense esfor\u00e7 experi\u00e8ncies positives dels clients,<\/li>\n<li>generar un flux constant de ressenyes genu\u00efnes i aut\u00e8ntiques,<\/li>\n<li>i conrear una reputaci\u00f3 en l\u00ednia que distingeixi al teu negoci dels teus competidors.<\/li>\n<\/ul>\n<p>Desbloquegi el potencial de la pres\u00e8ncia en l\u00ednia del seu negoci amb la nostra targeta \u00ab<a href=\"https:\/\/www.puntuaminegocio.com\/ca\/productes\/\"><strong>Puntua El meu Negoci<\/strong><\/a>\u00bb!<\/p>\n","protected":false},"excerpt":{"rendered":"<p>Et presentem la targeta \u00abPuntua El meu Negoci\u00bb: Amb ella eleva la reputaci\u00f3 en l\u00ednia de la teva empresa amb la tecnologia NFC i les ressenyes de Google! Vol millorar la teva reputaci\u00f3 en l\u00ednia i &#8230; <a title=\"Sobre nosaltres\" class=\"read-more\" href=\"https:\/\/www.puntuaminegocio.com\/ca\/sobre-nosaltres\/\" aria-label=\"M\u00e9s informaci\u00f3 sobre Sobre nosaltres\">seguir llegint<\/a><\/p>\n","protected":false},"author":1,"featured_media":0,"parent":0,"menu_order":0,"comment_status":"closed","ping_status":"closed","template":"","meta":{"footnotes":""},"categories":[],"tags":[],"class_list":["post-1317","page","type-page","status-publish"],"panels_data":null,"_links":{"self":[{"href":"https:\/\/www.puntuaminegocio.com\/ca\/wp-json\/wp\/v2\/pages\/1317","targetHints":{"allow":["GET"]}}],"collection":[{"href":"https:\/\/www.puntuaminegocio.com\/ca\/wp-json\/wp\/v2\/pages"}],"about":[{"href":"https:\/\/www.puntuaminegocio.com\/ca\/wp-json\/wp\/v2\/types\/page"}],"author":[{"embeddable":true,"href":"https:\/\/www.puntuaminegocio.com\/ca\/wp-json\/wp\/v2\/users\/1"}],"replies":[{"embeddable":true,"href":"https:\/\/www.puntuaminegocio.com\/ca\/wp-json\/wp\/v2\/comments?post=1317"}],"version-history":[{"count":0,"href":"https:\/\/www.puntuaminegocio.com\/ca\/wp-json\/wp\/v2\/pages\/1317\/revisions"}],"wp:attachment":[{"href":"https:\/\/www.puntuaminegocio.com\/ca\/wp-json\/wp\/v2\/media?parent=1317"}],"wp:term":[{"taxonomy":"category","embeddable":true,"href":"https:\/\/www.puntuaminegocio.com\/ca\/wp-json\/wp\/v2\/categories?post=1317"},{"taxonomy":"post_tag","embeddable":true,"href":"https:\/\/www.puntuaminegocio.com\/ca\/wp-json\/wp\/v2\/tags?post=1317"}],"curies":[{"name":"wp","href":"https:\/\/api.w.org\/{rel}","templated":true}]}}