{"id":1298,"date":"2023-09-08T13:40:43","date_gmt":"2023-09-08T11:40:43","guid":{"rendered":"https:\/\/www.puntuaminegocio.com\/terminos-de-servicios\/"},"modified":"2023-09-08T13:40:43","modified_gmt":"2023-09-08T11:40:43","slug":"terminos-de-servicios","status":"publish","type":"page","link":"https:\/\/www.puntuaminegocio.com\/eu\/terminos-de-servicios\/","title":{"rendered":"T\u00e9rminos de servicios"},"content":{"rendered":"<p><strong>DESCRIPCI\u00d3N GENERAL<\/strong><\/p>\n<p>Este sitio web es operado por Qwiktap. En todo el sitio, los t\u00e9rminos &#8220;nosotros&#8221;, &#8220;nosotros&#8221; y &#8220;nuestro&#8221; se refieren a Qwiktap. QWIKTAP ofrece este sitio web, incluida toda la informaci\u00f3n, herramientas y servicios disponibles desde este sitio para usted, el usuario, condicionado a su aceptaci\u00f3n de todos los t\u00e9rminos, condiciones, pol\u00edticas y avisos aqu\u00ed establecidos.<\/p>\n<p>Al visitar nuestro sitio y\/ o comprarnos algo, participa en nuestro &#8220;servicio&#8221; y acepta estar sujeto a los siguientes t\u00e9rminos y condiciones (&#8220;T\u00e9rminos de servicio&#8221;, &#8220;T\u00e9rminos&#8221;), incluidos esos t\u00e9rminos y condiciones y pol\u00edticas adicionales referenciado en este documento y\/o disponible por Hyperlink. Estos T\u00e9rminos de servicio se aplican a todos los usuarios del Sitio, incluidos los usuarios de no limitaci\u00f3n que son navegadores, proveedores, clientes, comerciantes y\/ o contribuyentes de contenido.<\/p>\n<p>Lea estos t\u00e9rminos de servicio cuidadosamente antes de acceder o usar nuestro sitio web. Al acceder o usar cualquier parte del Sitio, usted acepta estar sujeto a estos T\u00e9rminos de Servicio. Si no acepta todos los t\u00e9rminos y condiciones de este Acuerdo, entonces no puede acceder al sitio web o utilizar ning\u00fan Servicio. Si estos T\u00e9rminos de servicio se consideran una oferta, la aceptaci\u00f3n se limita expresamente a estos T\u00e9rminos de Servicio.<\/p>\n<p>Cualquier caracter\u00edstica o herramienta nuevas que se agregue a la tienda actual tambi\u00e9n estar\u00e1 sujeta a los t\u00e9rminos de servicio. Puede revisar la versi\u00f3n m\u00e1s actual de los T\u00e9rminos de servicio en cualquier momento de esta p\u00e1gina. Nos reservamos el derecho de actualizar, cambiar o reemplazar cualquier parte de estos T\u00e9rminos de servicio publicando actualizaciones y\/o cambios en nuestro sitio web. Es su responsabilidad verificar esta p\u00e1gina peri\u00f3dicamente para ver los cambios. Su uso continuo o acceso al sitio web despu\u00e9s de la publicaci\u00f3n de cualquier cambio constituye la aceptaci\u00f3n de esos cambios.<\/p>\n<p>Nuestra tienda est\u00e1 alojada en Shopify Inc. Nos proporcionan la plataforma de comercio electr\u00f3nico en l\u00ednea que nos permite venderle nuestros productos y servicios.<\/p>\n<p><strong>Secci\u00f3n 1 &#8211; T\u00e9rminos de la tienda en l\u00ednea<\/strong><br \/>\nAl aceptar estos t\u00e9rminos de servicio, usted representa que usted tiene al menos la mayor\u00eda de la mayor\u00eda en su estado o provincia de residencia, o que usted es la mayor\u00eda de la mayor\u00eda en su estado o provincia de residencia y que nos ha dado su consentimiento Permita que cualquiera de sus dependientes menores use este sitio.<br \/>\nNo puede usar nuestros productos para ning\u00fan prop\u00f3sito ilegal o no autorizado ni puede usted, en el uso del servicio, violar cualquier ley en su jurisdicci\u00f3n (incluidas, entre otros, las leyes de derechos de autor).<br \/>\nNo debe transmitir gusanos o virus ni ning\u00fan c\u00f3digo de naturaleza destructiva.<br \/>\nUna violaci\u00f3n o violaci\u00f3n de cualquiera de los t\u00e9rminos dar\u00e1 como resultado una terminaci\u00f3n inmediata de sus servicios.<\/p>\n<p><strong>Secci\u00f3n 2 &#8211; Condiciones generales<\/strong><br \/>\nNos reservamos el derecho de rechazar el servicio a cualquier persona por cualquier motivo en cualquier momento.<br \/>\nUsted comprende que su contenido (sin incluir la informaci\u00f3n de la tarjeta de cr\u00e9dito) puede transferirse sin cifrar e involucrar (a) transmisiones a trav\u00e9s de varias redes; y (b) cambios para conformarse y adaptarse a los requisitos t\u00e9cnicos de la conexi\u00f3n de redes o dispositivos. La informaci\u00f3n de la tarjeta de cr\u00e9dito siempre est\u00e1 encriptada durante la transferencia a trav\u00e9s de las redes.<br \/>\nUsted acepta no reproducir, duplicar, copiar, vender, revender o explotar ninguna parte del servicio, uso del servicio o acceso al servicio o cualquier contacto en el sitio web a trav\u00e9s del cual se brinde el servicio, sin un permiso expreso por escrito por nosotros. .<br \/>\nLos encabezados utilizados en este Acuerdo se incluyen solo por conveniencia y no limitar\u00e1n ni afectar\u00e1n estos T\u00e9rminos.<\/p>\n<p><strong>Secci\u00f3n 3 &#8211; Precisi\u00f3n, integridad y puntualidad de la informaci\u00f3n<\/strong><br \/>\nNo somos responsables si la informaci\u00f3n disponible en este sitio no es precisa, completa o actual. El material en este sitio se proporciona solo para la informaci\u00f3n general y no debe basarse o usarse como la \u00fanica base para tomar decisiones sin consultar fuentes de informaci\u00f3n primaria, m\u00e1s precisa, m\u00e1s completa o m\u00e1s oportuna. Cualquier dependencia del material en este sitio es bajo su propio riesgo.<br \/>\nEste sitio puede contener cierta informaci\u00f3n hist\u00f3rica. La informaci\u00f3n hist\u00f3rica, necesariamente, no es actual y se proporciona solo para su referencia. Nos reservamos el derecho de modificar el contenido de este sitio en cualquier momento, pero no tenemos la obligaci\u00f3n de actualizar ninguna informaci\u00f3n en nuestro sitio. Usted acepta que es su responsabilidad monitorear los cambios en nuestro sitio.<\/p>\n<p><strong>Secci\u00f3n 4 &#8211; Modificaciones al servicio y los precios<\/strong><br \/>\nLos precios de nuestros productos est\u00e1n sujetos a cambios sin previo aviso.<br \/>\nNos reservamos el derecho en cualquier momento de modificar o suspender el servicio (o cualquier parte o contenido) sin previo aviso en ning\u00fan momento.<br \/>\nNo seremos responsables ante usted ni de ning\u00fan tercero por ninguna modificaci\u00f3n, cambio de precio, suspensi\u00f3n o interrupci\u00f3n del servicio.<\/p>\n<p><strong>Secci\u00f3n 5 &#8211; Productos o servicios (si corresponde)<\/strong><br \/>\nCiertos productos o servicios pueden estar disponibles exclusivamente en l\u00ednea a trav\u00e9s del sitio web. Estos productos o servicios pueden tener cantidades limitadas y est\u00e1n sujetos a devoluci\u00f3n o cambio solo de acuerdo con nuestra pol\u00edtica de reembolso: [enlace a la pol\u00edtica de reembolso]<br \/>\nHemos hecho todo lo posible para mostrar con la mayor precisi\u00f3n posible los colores e im\u00e1genes de nuestros productos que aparecen en la tienda. No podemos garantizar que la visualizaci\u00f3n de su monitor de su computadora de cualquier color sea precisa.<br \/>\nNos reservamos el derecho, pero no estamos obligados, a limitar las ventas de nuestros productos o servicios a cualquier persona, regi\u00f3n geogr\u00e1fica o jurisdicci\u00f3n. Podemos ejercer este derecho caso por caso. Nos reservamos el derecho de limitar las cantidades de cualquier producto o servicio que ofrecemos. Todas las descripciones de productos o precios de productos est\u00e1n sujetos a cambios en cualquier momento sin previo aviso, a la sola discreci\u00f3n de nosotros. Nos reservamos el derecho de suspender cualquier producto en cualquier momento. Cualquier oferta para cualquier producto o servicio realizado en este sitio es nula donde se proh\u00edbe.<br \/>\nNo garantizamos que la calidad de ning\u00fan producto, servicio, informaci\u00f3n u otro material comprado u obtenido por usted cumpla con sus expectativas, o que se corrigan cualquier error en el servicio.<\/p>\n<p><strong>Secci\u00f3n 6 &#8211; Precisi\u00f3n de la facturaci\u00f3n e informaci\u00f3n de la cuenta<\/strong><br \/>\nNos reservamos el derecho de rechazar cualquier pedido que realice con nosotros. Podemos, a nuestro exclusivo criterio, limitar o cancelar cantidades compradas por persona, por hogar o por pedido. Estas restricciones pueden incluir pedidos realizados por o bajo la misma cuenta del cliente, la misma tarjeta de cr\u00e9dito y\/o pedidos que usan la misma direcci\u00f3n de facturaci\u00f3n y\/o env\u00edo. En el caso de que hagamos un cambio o cancelemos un pedido, podemos intentar notificarlo contactando el correo electr\u00f3nico y\/o la direcci\u00f3n de facturaci\u00f3n\/n\u00famero de tel\u00e9fono proporcionado en el momento en que se realiz\u00f3 el pedido. Nos reservamos el derecho de limitar o prohibir las \u00f3rdenes de que, a nuestro exclusivo juicio, parecen ser colocados por distribuidores, revendedores o distribuidores.<\/p>\n<p>Usted acepta proporcionar informaci\u00f3n actual, completa y precisa de compra y cuenta para todas las compras realizadas en nuestra tienda. Usted acepta actualizar r\u00e1pidamente su cuenta y otra informaci\u00f3n, incluida su direcci\u00f3n de correo electr\u00f3nico y n\u00fameros de tarjeta de cr\u00e9dito y fechas de vencimiento, para que podamos completar sus transacciones y contactarlo seg\u00fan sea necesario.<\/p>\n<p>Para obtener m\u00e1s detalles, revise nuestra Pol\u00edtica de reembolso: [Enlace a la pol\u00edtica de reembolso]<\/p>\n<p><strong>Secci\u00f3n 7 &#8211; Herramientas opcionales<\/strong><br \/>\nPodemos proporcionarle acceso a herramientas de terceros sobre las cuales no monitoreamos ni tenemos ning\u00fan control ni entrada.<br \/>\nUsted reconoce y acepta que proporcionamos acceso a las herramientas &#8220;tal como est\u00e1&#8221; y &#8220;como est\u00e1 disponible&#8221; sin garant\u00edas, representaciones o condiciones de ning\u00fan tipo y sin ning\u00fan respaldo. No tendremos ninguna responsabilidad que surja de su uso de herramientas de terceros opcionales.<br \/>\nCualquier uso por usted de las herramientas opcionales ofrecidas a trav\u00e9s del Sitio es completamente bajo su propio riesgo y discreci\u00f3n y debe asegurarse de estar familiarizado y aprobar los t\u00e9rminos en los que las herramientas proporcionan los proveedores de terceros relevantes.<br \/>\nTambi\u00e9n podemos, en el futuro, ofrecer nuevos servicios y\/o caracter\u00edsticas a trav\u00e9s del sitio web (incluido el lanzamiento de nuevas herramientas y recursos). Tales nuevas caracter\u00edsticas y \/ o servicios tambi\u00e9n estar\u00e1n sujetos a estos T\u00e9rminos de Servicio.<\/p>\n<p><strong>Secci\u00f3n 8 &#8211; Enlaces de terceros<\/strong><br \/>\nCierto contenido, productos y servicios disponibles a trav\u00e9s de nuestro servicio pueden incluir materiales de terceros.<br \/>\nLos enlaces de terceros en este sitio pueden dirigirlo a sitios web de terceros que no est\u00e1n afiliados a nosotros. No somos responsables de examinar o evaluar el contenido o precisi\u00f3n y no garantizamos y no tendremos ninguna responsabilidad o responsabilidad por ning\u00fan material o sitio web de terceros, o por ning\u00fan otro material, productos o servicios de terceros.<br \/>\nNo somos responsables de ning\u00fan da\u00f1o o da\u00f1os relacionados con la compra o uso de bienes, servicios, recursos, contenido o cualquier otra transacci\u00f3n realizada en relaci\u00f3n con los sitios web de terceros. Revise cuidadosamente las pol\u00edticas y pr\u00e1cticas de los terceros y aseg\u00farese de comprenderlos antes de participar en cualquier transacci\u00f3n. Las quejas, reclamos, inquietudes o preguntas con respecto a los productos de terceros deben dirigirse al tercero.<\/p>\n<p><strong>Secci\u00f3n 9 &#8211; Comentarios de los usuarios, comentarios y otras presentaciones<\/strong><br \/>\nSi, a nuestra solicitud, env\u00eda ciertas presentaciones espec\u00edficas (por ejemplo, entradas del concurso) o sin una solicitud de nosotros, env\u00eda ideas creativas, sugerencias, propuestas, planes u otros materiales, ya sea en l\u00ednea, por correo electr\u00f3nico, por correo postal o por correo postal o De lo contrario (colectivamente, &#8216;comentarios&#8217;), usted acepta que podemos, en cualquier momento, sin restricci\u00f3n, editar, copiar, publicar, distribuir, traducir y usar en cualquier medio cualquier comentario que nos reenv\u00ede. Somos y no tendremos la obligaci\u00f3n (1) de mantener cualquier comentario en la confianza; (2) pagar la compensaci\u00f3n por cualquier comentario; o (3) responder a cualquier comentario.<br \/>\nPodemos, pero no tenemos la obligaci\u00f3n de monitorear, editar o eliminar el contenido que determinemos en nuestro exclusivo criterio que sea ilegal, ofensivo, amenazante, difamatorio, difamatorio, pornogr\u00e1fico, obsceno o de otra manera objetable o viola la propiedad intelectual de cualquier parte o estos t\u00e9rminos de estos t\u00e9rminos de Servicio.<br \/>\nUsted acepta que sus comentarios no violar\u00e1n ning\u00fan derecho de terceros, incluidos los derechos de autor, la marca registrada, la privacidad, la personalidad u otro derecho personal o de propiedad. Adem\u00e1s, est\u00e1 de acuerdo en que sus comentarios no contendr\u00e1n material difamatorio o ilegal, abusivo u obsceno, ni contendr\u00e1n ning\u00fan virus inform\u00e1tico u otro malware que pueda afectar de alguna manera el funcionamiento del servicio o cualquier sitio web relacionado. No puede usar una direcci\u00f3n falsa de correo electr\u00f3nico, fingir ser alguien que no sea usted o enga\u00f1arnos o enga\u00f1arnos o terceros en cuanto al origen de cualquier comentario. Usted es el \u00fanico responsable de cualquier comentario que haga y su precisi\u00f3n. No asumimos ninguna responsabilidad y no asumimos ninguna responsabilidad por ning\u00fan comentario publicado por usted o cualquier tercero.<\/p>\n<p><strong>Secci\u00f3n 10 &#8211; Informaci\u00f3n personal<\/strong><br \/>\nSu presentaci\u00f3n de informaci\u00f3n personal a trav\u00e9s de la tienda se rige por nuestra Pol\u00edtica de privacidad, que se puede ver aqu\u00ed: [Enlace a la Pol\u00edtica de privacidad]<\/p>\n<p><strong>Secci\u00f3n 11 &#8211; Errores, inexactitudes y omisiones<\/strong><br \/>\nOcasionalmente, puede haber informaci\u00f3n en nuestro sitio o en el servicio que contenga errores tipogr\u00e1ficos, inexactitudes u omisiones que puedan relacionarse con descripciones de productos, precios, promociones, ofertas, cargos de env\u00edo de productos, tiempos de tr\u00e1nsito y disponibilidad. Nos reservamos el derecho de corregir cualquier error, imprecisi\u00f3n u omisi\u00f3n, y cambiar o actualizar informaci\u00f3n o cancelar pedidos si alguna informaci\u00f3n en el servicio o en cualquier sitio web relacionado es inexacto en cualquier momento sin previo aviso (incluso despu\u00e9s de haber enviado su pedido) .<br \/>\nNo asumimos la obligaci\u00f3n de actualizar, enmendar o aclarar informaci\u00f3n en el Servicio o en cualquier sitio web relacionado, incluida, entre otros, informaci\u00f3n de precios, excepto seg\u00fan lo exige la ley. No se debe tomar ninguna actualizaci\u00f3n o fecha de actualizaci\u00f3n especificada aplicada en el servicio o en cualquier sitio web relacionado para indicar que toda la informaci\u00f3n en el servicio o en cualquier sitio web relacionado se ha modificado o actualizado.<\/p>\n<p><strong>Secci\u00f3n 12 &#8211; Usos prohibidos<\/strong><br \/>\nAdem\u00e1s de otras prohibiciones establecidas en los t\u00e9rminos de servicio, se le proh\u00edbe usar el sitio o su contenido: (a) para cualquier prop\u00f3sito ilegal; (b) solicitar a otros que realicen o participen en cualquier acto ilegal; (c) violar cualquier regulaci\u00f3n, reglas, leyes o ordenanzas locales internacionales, federales, provinciales o estatales; (d) infringir o violar nuestros derechos de propiedad intelectual o los derechos de propiedad intelectual de los dem\u00e1s; (e) acosar, abusar, insultar, da\u00f1ar, difamar, calumniar, menospreciar, intimidar o discriminar seg\u00fan el g\u00e9nero, la orientaci\u00f3n sexual, la religi\u00f3n, el origen \u00e9tnico, la raza, la edad, el origen nacional o la discapacidad; (f) enviar informaci\u00f3n falsa o enga\u00f1osa; (g) cargar o transmitir virus o cualquier otro tipo de c\u00f3digo malicioso que se use o se use de cualquier manera que afecte la funcionalidad u operaci\u00f3n del servicio o de cualquier sitio web relacionado, otros sitios web o Internet; (h) recopilar o rastrear la informaci\u00f3n personal de los dem\u00e1s; (i) a Spam, Phish, Pharm, Pretext, Spider, Crawl o Raspe; (j) para cualquier prop\u00f3sito obsceno o inmoral; o (k) interferir o eludir las caracter\u00edsticas de seguridad del servicio o cualquier sitio web relacionado, otros sitios web o Internet. Nos reservamos el derecho de rescindir su uso del servicio o cualquier sitio web relacionado para violar cualquiera de los usos prohibidos.<\/p>\n<p><strong>Secci\u00f3n 13 &#8211; Descargo de responsabilidad de garant\u00edas; LIMITACI\u00d3N DE RESPONSABILIDAD<\/strong><br \/>\nNo garantizamos, representamos o garantizamos que su uso de nuestro servicio sea ininterrumpido, oportuno, seguro o sin errores.<br \/>\nNo garantizamos que los resultados que se pueden obtener del uso del servicio ser\u00e1n precisos o confiables.<br \/>\nUsted acepta que de vez en cuando podemos eliminar el servicio por per\u00edodos de tiempo indefinidos o cancelar el servicio en cualquier momento, sin previo aviso.<br \/>\nUsted acepta expresamente que su uso o incapacidad para usar, el servicio est\u00e1 en su \u00fanico riesgo. El servicio y todos los productos y servicios que se le entregan a trav\u00e9s del servicio (excepto lo expresamente declarado por nosotros) proporcionados &#8216;tal cual&#8217; y &#8216;como est\u00e1n disponibles&#8217; para su uso, sin ninguna representaci\u00f3n, garant\u00edas o condiciones de cualquier tipo, expreso o expreso o expreso o expreso o expreso o expreso o expreso o impl\u00edcito, incluidas todas las garant\u00edas o condiciones impl\u00edcitas de comerciabilidad, calidad comercial, aptitud para un prop\u00f3sito particular, durabilidad, t\u00edtulo y no infracci\u00f3n.<br \/>\nEn ning\u00fan caso QWIKTAP, nuestros directores, funcionarios, empleados, afiliados, agentes, contratistas, pasantes, proveedores, proveedores de servicios o licenciantes ser\u00e1n responsables de cualquier lesi\u00f3n, p\u00e9rdida, reclamo, o cualquier directo, indirecto, incidental, punitivo, especial o especial Da\u00f1os consecuentes de cualquier tipo, incluidos, entre otros, los ganancias perdidas, los ingresos perdidos, los ahorros perdidos, la p\u00e9rdida de datos, los costos de reemplazo o cualquier da\u00f1os similares, ya sea por contrato, agravio (incluida la negligencia), la responsabilidad estricta o de otra manera, derivado de su uso de cualquiera de los servicios o cualquier producto adquirido utilizando el servicio, o para cualquier otro reclamo relacionado de cualquier manera a su uso del servicio o cualquier producto, incluidos, entre otros, ning\u00fan error u omisi\u00f3n en cualquier contenido, o cualquier contenido. P\u00e9rdida o da\u00f1o de cualquier tipo incurrido como resultado del uso del servicio o cualquier contenido (o producto) publicado, transmitido o puesto a disposici\u00f3n de otra manera a trav\u00e9s del servicio, incluso si se recomienda su posibilidad. Debido a que algunos estados o jurisdicciones no permiten la exclusi\u00f3n o la limitaci\u00f3n de la responsabilidad por da\u00f1os consecuentes o incidentales, en dichos estados o jurisdicciones, nuestra responsabilidad se limitar\u00e1 a la m\u00e1xima extensi\u00f3n permitida por la ley.<\/p>\n<p><strong>Secci\u00f3n 14 &#8211; Indemnificaci\u00f3n<\/strong><br \/>\nUsted acepta indemnizar, defender y tener inofensivos Qwiktap y nuestros padres, subsidiarias, afiliados, socios, funcionarios, directores, agentes, contratistas, licenciantes, proveedores de servicios, subcontratistas, proveedores, internos y empleados, inofensivos de cualquier reclamo o demanda, incluida Los honorarios de los abogados, hechos por cualquier tercero debido o surgen de su incumplimiento de estos T\u00e9rminos de servicio o los documentos que incorporan por referencia, o su violaci\u00f3n de cualquier ley o los derechos de un tercero.<\/p>\n<p><strong>Secci\u00f3n 15 &#8211; separabilidad<\/strong><br \/>\nEn el caso de que cualquier disposici\u00f3n de estos T\u00e9rminos de Servicio sea ilegal, nulo o no ejecutable, dicha disposici\u00f3n ser\u00e1 exigible en la mayor medida permitida por la ley aplicable, y la porci\u00f3n no ejecutable se considerar\u00e1 separada de estos t\u00e9rminos de estos t\u00e9rminos de estos t\u00e9rminos de Servicio, dicha determinaci\u00f3n no afectar\u00e1 la validez y la ejecuci\u00f3n de ninguna otra disposici\u00f3n restante.<\/p>\n<p><strong>Secci\u00f3n 16 &#8211; Terminaci\u00f3n<\/strong><br \/>\nLas obligaciones y pasivos de las partes incurridas antes de la fecha de terminaci\u00f3n sobrevivir\u00e1n a la terminaci\u00f3n de este Acuerdo para todos los fines.<br \/>\nEstos t\u00e9rminos de servicio son efectivos a menos y hasta que usted o nosotros o nosotros. Puede rescindir estos T\u00e9rminos de servicio en cualquier momento notific\u00e1ndonos que ya no desea usar nuestros servicios, o cu\u00e1ndo deja de usar nuestro sitio.<br \/>\nSi en nuestro \u00fanico juicio fallas, o sospechamos que ha fallado, para cumplir con cualquier t\u00e9rmino o disposici\u00f3n de estos T\u00e9rminos de servicio, tambi\u00e9n podemos rescindir este Acuerdo en cualquier momento sin previo aviso y que permanecer\u00e1 responsable de todos los montos que se deben a e incluyendo la fecha de terminaci\u00f3n; y\/o en consecuencia puede negarle el acceso a nuestros servicios (o cualquier parte de los mismos).<\/p>\n<p><strong>Secci\u00f3n 17 &#8211; Acuerdo completo<\/strong><br \/>\nEl fracaso de nosotros para hacer ejercicio o hacer cumplir cualquier derecho o disposici\u00f3n de estos T\u00e9rminos de Servicio no constituir\u00e1 una renuncia a dicho derecho o disposici\u00f3n.<br \/>\nEstos T\u00e9rminos de servicio y cualquier pol\u00edtica u Reglas de operaci\u00f3n publicadas por nosotros en este Sitio o con respecto al Servicio constituyen todo el Acuerdo y Comprensi\u00f3n entre usted y EE. UU. Y gobierna su uso del Servicio, reemplazando cualquier Acuerdo, Comunicaciones y Propuestas anteriores o contempor\u00e1neas. , ya sea oral o escrito, entre usted y nosotros (incluidos, entre otros, cualquier versiones anteriores de los T\u00e9rminos de Servicio).<br \/>\nCualquier ambig\u00fcedades en la interpretaci\u00f3n de estos T\u00e9rminos de Servicio no se interpretar\u00e1 contra la parte de redacci\u00f3n.<\/p>\n<p><strong>Secci\u00f3n 18 &#8211; Ley de gobierno<\/strong><br \/>\nEstos T\u00e9rminos de servicio y cualquier acuerdo separado por los cuales brindamos sus servicios se regir\u00e1n e interpretan de acuerdo con las leyes de los Estados Unidos.<\/p>\n<p><strong>Secci\u00f3n 19: cambios en los t\u00e9rminos de servicio<\/strong><br \/>\nPuede revisar la versi\u00f3n m\u00e1s actual de los T\u00e9rminos de servicio en cualquier momento en esta p\u00e1gina.<br \/>\nNos reservamos el derecho, a nuestro exclusivo criterio, para actualizar, cambiar o reemplazar cualquier parte de estos T\u00e9rminos de servicio publicando actualizaciones y cambios en nuestro sitio web. Es su responsabilidad consultar nuestro sitio web peri\u00f3dicamente para ver los cambios. Su uso continuo o acceso a nuestro sitio web o al servicio despu\u00e9s de la publicaci\u00f3n de cualquier cambio en estos T\u00e9rminos de servicio constituye la aceptaci\u00f3n de esos cambios.<\/p>\n<p><strong>Secci\u00f3n 20 &#8211; Informaci\u00f3n de contacto<\/strong><br \/>\nLas preguntas sobre los t\u00e9rminos de servicio nos deben enviar a support@qwiktap.io.<br \/>\nNuestra informaci\u00f3n de contacto se publica a continuaci\u00f3n:<br \/>\nsupport@qwiktap.io<\/p>\n","protected":false},"excerpt":{"rendered":"<p>DESCRIPCI\u00d3N GENERAL Este sitio web es operado por Qwiktap. En todo el sitio, los t\u00e9rminos &#8220;nosotros&#8221;, &#8220;nosotros&#8221; y &#8220;nuestro&#8221; se refieren a Qwiktap. QWIKTAP ofrece este sitio web, incluida toda la informaci\u00f3n, herramientas y servicios disponibles &#8230; <a title=\"T\u00e9rminos de servicios\" class=\"read-more\" href=\"https:\/\/www.puntuaminegocio.com\/eu\/terminos-de-servicios\/\" aria-label=\"Read more about T\u00e9rminos de servicios\">jarraitu irakurtzen<\/a><\/p>\n","protected":false},"author":1,"featured_media":0,"parent":0,"menu_order":0,"comment_status":"closed","ping_status":"closed","template":"","meta":{"footnotes":""},"categories":[53],"tags":[],"class_list":{"0":"post-1298","1":"page","2":"type-page","3":"status-publish","5":"category-politikak"},"panels_data":null,"_links":{"self":[{"href":"https:\/\/www.puntuaminegocio.com\/eu\/wp-json\/wp\/v2\/pages\/1298","targetHints":{"allow":["GET"]}}],"collection":[{"href":"https:\/\/www.puntuaminegocio.com\/eu\/wp-json\/wp\/v2\/pages"}],"about":[{"href":"https:\/\/www.puntuaminegocio.com\/eu\/wp-json\/wp\/v2\/types\/page"}],"author":[{"embeddable":true,"href":"https:\/\/www.puntuaminegocio.com\/eu\/wp-json\/wp\/v2\/users\/1"}],"replies":[{"embeddable":true,"href":"https:\/\/www.puntuaminegocio.com\/eu\/wp-json\/wp\/v2\/comments?post=1298"}],"version-history":[{"count":0,"href":"https:\/\/www.puntuaminegocio.com\/eu\/wp-json\/wp\/v2\/pages\/1298\/revisions"}],"wp:attachment":[{"href":"https:\/\/www.puntuaminegocio.com\/eu\/wp-json\/wp\/v2\/media?parent=1298"}],"wp:term":[{"taxonomy":"category","embeddable":true,"href":"https:\/\/www.puntuaminegocio.com\/eu\/wp-json\/wp\/v2\/categories?post=1298"},{"taxonomy":"post_tag","embeddable":true,"href":"https:\/\/www.puntuaminegocio.com\/eu\/wp-json\/wp\/v2\/tags?post=1298"}],"curies":[{"name":"wp","href":"https:\/\/api.w.org\/{rel}","templated":true}]}}