{"id":1230,"date":"2023-09-20T12:27:47","date_gmt":"2023-09-20T10:27:47","guid":{"rendered":"https:\/\/www.puntuaminegocio.com\/extraiga-tu-enlace-de-resena-de-google\/"},"modified":"2024-01-04T11:23:24","modified_gmt":"2024-01-04T10:23:24","slug":"como-obter-o-link-de-recension-de-google-facilmente","status":"publish","type":"page","link":"https:\/\/www.puntuaminegocio.com\/gl\/titoriais\/como-obter-o-link-de-recension-de-google-facilmente\/","title":{"rendered":"Como obter o link de Recensi\u00f3n de Google facilmente"},"content":{"rendered":"<p>Si alguna vez se ha preguntado c\u00f3mo obtener su enlace de rese\u00f1a de Google de manera sencilla, no busque m\u00e1s. En este tutorial pr\u00e1ctico, lo guiaremos a trav\u00e9s del proceso sin complicaciones para generar un enlace que permita a sus clientes dejar rese\u00f1as directamente en su p\u00e1gina de Google My Business. Esta pregunta com\u00fan ser\u00e1 respondida en poco tiempo, y descubrir\u00e1 lo sencillo que es generar un enlace con un solo clic para que sus clientes revisen su negocio.<\/p>\n<p>Crear un enlace para que sus clientes dejen rese\u00f1as en su perfil de Google My Business es sumamente sencillo. Siga estos pasos:<\/p>\n<p style=\"padding-left: 40px;\">1. Inicie sesi\u00f3n en su panel de Google My Business (abriendo su navegador y escribiendo &#8220;Google My Business&#8221;): Acceda a su cuenta de Google My Business y dir\u00edjase a su panel. Si a\u00fan no ha configurado una cuenta, es f\u00e1cil crear una de forma gratuita: haga clic aqu\u00ed.<\/p>\n<p style=\"padding-left: 40px;\">2. Localice la p\u00e1gina de su empresa: Busque y seleccione la p\u00e1gina de su empresa en el panel.<\/p>\n<p style=\"padding-left: 40px;\">3. Despl\u00e1cese hacia abajo para encontrar las nuevas opciones de su perfil comercial de Google y haga clic en &#8216;<strong>Solicitar rese\u00f1as<\/strong>&#8216;&#8221;.<\/p>\n<p style=\"padding-left: 40px;\"><img loading=\"lazy\" decoding=\"async\" class=\"alignnone wp-image-1027\" src=\"https:\/\/www.puntuaminegocio.com\/wp-content\/uploads\/2023\/09\/ask-for-reiews.jpg\" alt=\"\" width=\"480\" height=\"377\" title=\"\" srcset=\"https:\/\/www.puntuaminegocio.com\/wp-content\/uploads\/2023\/09\/ask-for-reiews.jpg 480w, https:\/\/www.puntuaminegocio.com\/wp-content\/uploads\/2023\/09\/ask-for-reiews-300x236.jpg 300w\" sizes=\"auto, (max-width: 480px) 100vw, 480px\" \/><\/p>\n<p style=\"padding-left: 40px;\">4. En la ventana emergente, copie la URL proporcionada (como se muestra a continuaci\u00f3n) y guarde su enlace de revisi\u00f3n de Google.<\/p>\n<p style=\"padding-left: 40px;\"><img loading=\"lazy\" decoding=\"async\" class=\"alignnone wp-image-1101 size-full\" src=\"https:\/\/www.puntuaminegocio.com\/wp-content\/uploads\/2023\/09\/ask-for-reiews-02.jpg\" alt=\"\" width=\"480\" height=\"296\" title=\"\" srcset=\"https:\/\/www.puntuaminegocio.com\/wp-content\/uploads\/2023\/09\/ask-for-reiews-02.jpg 480w, https:\/\/www.puntuaminegocio.com\/wp-content\/uploads\/2023\/09\/ask-for-reiews-02-300x185.jpg 300w\" sizes=\"auto, (max-width: 480px) 100vw, 480px\" \/><\/p>\n<p style=\"padding-left: 40px;\">5. Al hacer clic en este enlace de revisi\u00f3n de Google, redirigir\u00e1 a sus clientes directamente al formulario de revisi\u00f3n de Google, como se muestra a continuaci\u00f3n:<\/p>\n<p style=\"padding-left: 40px;\"><img loading=\"lazy\" decoding=\"async\" class=\"alignnone wp-image-1031\" src=\"https:\/\/www.puntuaminegocio.com\/wp-content\/uploads\/2023\/09\/googleplex.jpg\" alt=\"\" width=\"480\" height=\"468\" title=\"\" srcset=\"https:\/\/www.puntuaminegocio.com\/wp-content\/uploads\/2023\/09\/googleplex.jpg 615w, https:\/\/www.puntuaminegocio.com\/wp-content\/uploads\/2023\/09\/googleplex-600x585.jpg 600w, https:\/\/www.puntuaminegocio.com\/wp-content\/uploads\/2023\/09\/googleplex-300x293.jpg 300w\" sizes=\"auto, (max-width: 480px) 100vw, 480px\" \/><\/p>\n<p>&nbsp;<\/p>\n","protected":false},"excerpt":{"rendered":"<p>Si alguna vez se ha preguntado c\u00f3mo obtener su enlace de rese\u00f1a de Google de manera sencilla, no busque m\u00e1s. En este tutorial pr\u00e1ctico, lo guiaremos a trav\u00e9s del proceso sin complicaciones para generar un enlace &#8230; <a title=\"Como obter o link de Recensi\u00f3n de Google facilmente\" class=\"read-more\" href=\"https:\/\/www.puntuaminegocio.com\/gl\/titoriais\/como-obter-o-link-de-recension-de-google-facilmente\/\" aria-label=\"Le m\u00e1is sobre Como obter o link de Recensi\u00f3n de Google facilmente\">contin\u00faa lendo<\/a><\/p>\n","protected":false},"author":1,"featured_media":0,"parent":1312,"menu_order":0,"comment_status":"closed","ping_status":"closed","template":"","meta":{"footnotes":""},"categories":[49],"tags":[],"class_list":{"0":"post-1230","1":"page","2":"type-page","3":"status-publish","5":"category-titoriais"},"panels_data":null,"_links":{"self":[{"href":"https:\/\/www.puntuaminegocio.com\/gl\/wp-json\/wp\/v2\/pages\/1230","targetHints":{"allow":["GET"]}}],"collection":[{"href":"https:\/\/www.puntuaminegocio.com\/gl\/wp-json\/wp\/v2\/pages"}],"about":[{"href":"https:\/\/www.puntuaminegocio.com\/gl\/wp-json\/wp\/v2\/types\/page"}],"author":[{"embeddable":true,"href":"https:\/\/www.puntuaminegocio.com\/gl\/wp-json\/wp\/v2\/users\/1"}],"replies":[{"embeddable":true,"href":"https:\/\/www.puntuaminegocio.com\/gl\/wp-json\/wp\/v2\/comments?post=1230"}],"version-history":[{"count":0,"href":"https:\/\/www.puntuaminegocio.com\/gl\/wp-json\/wp\/v2\/pages\/1230\/revisions"}],"up":[{"embeddable":true,"href":"https:\/\/www.puntuaminegocio.com\/gl\/wp-json\/wp\/v2\/pages\/1312"}],"wp:attachment":[{"href":"https:\/\/www.puntuaminegocio.com\/gl\/wp-json\/wp\/v2\/media?parent=1230"}],"wp:term":[{"taxonomy":"category","embeddable":true,"href":"https:\/\/www.puntuaminegocio.com\/gl\/wp-json\/wp\/v2\/categories?post=1230"},{"taxonomy":"post_tag","embeddable":true,"href":"https:\/\/www.puntuaminegocio.com\/gl\/wp-json\/wp\/v2\/tags?post=1230"}],"curies":[{"name":"wp","href":"https:\/\/api.w.org\/{rel}","templated":true}]}}