{"id":1234,"date":"2023-09-20T11:53:55","date_gmt":"2023-09-20T09:53:55","guid":{"rendered":"https:\/\/www.puntuaminegocio.com\/solucion-de-problemas\/"},"modified":"2024-01-04T09:23:16","modified_gmt":"2024-01-04T08:23:16","slug":"solucion-de-problemas","status":"publish","type":"page","link":"https:\/\/www.puntuaminegocio.com\/gl\/titoriais\/solucion-de-problemas\/","title":{"rendered":"Soluci\u00f3n de problemas"},"content":{"rendered":"<p><strong>Tengo problemas con mi tarjeta &#8220;Punt\u00faa Mi Negocio&#8221;. No funciona mi tarjeta.<br \/>\n<\/strong><\/p>\n<p><strong>Apple:<\/strong><\/p>\n<p>Para los usuarios de iPhone 8 o iPhone 7, deslice desde la parte inferior de la pantalla para acceder al panel\u00a0 de control. Si posee un iPhone X, deslice hacia abajo desde la esquina superior derecha para abrir el centro de control. En ambos casos, active <strong>NFC<\/strong> tocando el icono del lector de etiquetas NFC. Ahora ya est\u00e1 listo para interactuar con otros dispositivos, tarjetas o etiquetas utilizando la tecnolog\u00eda NFC.<\/p>\n<p><strong>Android:<\/strong><\/p>\n<ol>\n<li>Iniciar la aplicaci\u00f3n <strong>Configuraci\u00f3n<\/strong>.<\/li>\n<li>Seleccione <strong>conexiones<\/strong>.<\/li>\n<li>Elija <strong>NFC<\/strong> y pagos sin contacto.<\/li>\n<li>Toque el <strong>interruptor<\/strong> para habilitar NFC.<\/li>\n<li>Seleccione los <strong>pagos sin contacto<\/strong>.<\/li>\n<li>Elija su servicio de pago m\u00f3vil preferido y siga las instrucciones proporcionadas para completar la configuraci\u00f3n.<\/li>\n<\/ol>\n<p><strong>Se abre mi p\u00e1gina de Google, no mi p\u00e1gina de revisi\u00f3n. \u00bfQu\u00e9 tengo que hacer?<\/strong><br \/>\nAseg\u00farese de seguir nuestro tutorial para generar su enlace de revisi\u00f3n (<a href=\"https:\/\/www.puntuaminegocio.com\/gl\/tutoriales\/\"><em><strong>tutorial<\/strong><\/em><\/a>)<\/p>\n<p>Si tienes dificultades, no dudes en comunicarte con nosotros a <a href=\"mailto:support@puntuaminegocio.com\">support@puntuaminegocio.com<\/a><\/p>\n","protected":false},"excerpt":{"rendered":"<p>Tengo problemas con mi tarjeta &#8220;Punt\u00faa Mi Negocio&#8221;. No funciona mi tarjeta. Apple: Para los usuarios de iPhone 8 o iPhone 7, deslice desde la parte inferior de la pantalla para acceder al panel\u00a0 de control. &#8230; <a title=\"Soluci\u00f3n de problemas\" class=\"read-more\" href=\"https:\/\/www.puntuaminegocio.com\/gl\/titoriais\/solucion-de-problemas\/\" aria-label=\"Le m\u00e1is sobre Soluci\u00f3n de problemas\">contin\u00faa lendo<\/a><\/p>\n","protected":false},"author":1,"featured_media":0,"parent":1312,"menu_order":0,"comment_status":"closed","ping_status":"closed","template":"","meta":{"footnotes":""},"categories":[49],"tags":[],"class_list":{"0":"post-1234","1":"page","2":"type-page","3":"status-publish","5":"category-titoriais"},"panels_data":null,"_links":{"self":[{"href":"https:\/\/www.puntuaminegocio.com\/gl\/wp-json\/wp\/v2\/pages\/1234","targetHints":{"allow":["GET"]}}],"collection":[{"href":"https:\/\/www.puntuaminegocio.com\/gl\/wp-json\/wp\/v2\/pages"}],"about":[{"href":"https:\/\/www.puntuaminegocio.com\/gl\/wp-json\/wp\/v2\/types\/page"}],"author":[{"embeddable":true,"href":"https:\/\/www.puntuaminegocio.com\/gl\/wp-json\/wp\/v2\/users\/1"}],"replies":[{"embeddable":true,"href":"https:\/\/www.puntuaminegocio.com\/gl\/wp-json\/wp\/v2\/comments?post=1234"}],"version-history":[{"count":0,"href":"https:\/\/www.puntuaminegocio.com\/gl\/wp-json\/wp\/v2\/pages\/1234\/revisions"}],"up":[{"embeddable":true,"href":"https:\/\/www.puntuaminegocio.com\/gl\/wp-json\/wp\/v2\/pages\/1312"}],"wp:attachment":[{"href":"https:\/\/www.puntuaminegocio.com\/gl\/wp-json\/wp\/v2\/media?parent=1234"}],"wp:term":[{"taxonomy":"category","embeddable":true,"href":"https:\/\/www.puntuaminegocio.com\/gl\/wp-json\/wp\/v2\/categories?post=1234"},{"taxonomy":"post_tag","embeddable":true,"href":"https:\/\/www.puntuaminegocio.com\/gl\/wp-json\/wp\/v2\/tags?post=1234"}],"curies":[{"name":"wp","href":"https:\/\/api.w.org\/{rel}","templated":true}]}}