{"id":1260,"date":"2023-09-19T12:35:23","date_gmt":"2023-09-19T10:35:23","guid":{"rendered":"https:\/\/www.puntuaminegocio.com\/abogados-asesorias-gestorias\/"},"modified":"2024-01-03T09:17:39","modified_gmt":"2024-01-03T08:17:39","slug":"avogados-asesorias-e-xestorias","status":"publish","type":"page","link":"https:\/\/www.puntuaminegocio.com\/gl\/avogados-asesorias-e-xestorias\/","title":{"rendered":"Avogados, Asesor\u00edas e Xestor\u00edas"},"content":{"rendered":"<div id=\"pl-1260\"  class=\"panel-layout\" ><div id=\"pg-1260-0\"  class=\"panel-grid panel-has-style\" ><div class=\"slider-sector siteorigin-panels-stretch panel-row-style panel-row-style-for-1260-0\" data-stretch-type=\"full\" ><div id=\"pgc-1260-0-0\"  class=\"panel-grid-cell\" ><div class=\"panel-cell-style panel-cell-style-for-1260-0-0\" ><div id=\"panel-1260-0-0-0\" class=\"so-panel widget widget_siteorigin-panels-builder panel-first-child panel-last-child\" data-index=\"0\" ><div class=\"ancho900 panel-widget-style panel-widget-style-for-1260-0-0-0\" ><div id=\"pl-w659518231eecd\"  class=\"panel-layout\" ><div id=\"pg-w659518231eecd-0\"  class=\"panel-grid panel-no-style\" ><div id=\"pgc-w659518231eecd-0-0\"  class=\"panel-grid-cell\" ><div id=\"panel-w659518231eecd-0-0-0\" class=\"so-panel widget widget_sow-headline panel-first-child\" data-index=\"0\" ><div\n\t\t\t\n\t\t\tclass=\"so-widget-sow-headline so-widget-sow-headline-default-2c56957920fc so-widget-fittext-wrapper\"\n\t\t\t data-fit-text-compressor=\"0.85\"\n\t\t><div class=\"sow-headline-container \">\n\t\t\t\t\t\t\t<h1 class=\"sow-headline\">\n\t\t\t\t\t\tAvogados, Asesor\u00edas e Xestor\u00edas\t\t\t\t\t\t<\/h1>\n\t\t\t\t\t\t\t\t\t\t\t\t<h2 class=\"sow-sub-headline\">\n\t\t\t\t\t\tAumenta a t\u00faa reputaci\u00f3n, gana visibilidade, atrae novos clientes\t\t\t\t\t\t<\/h2>\n\t\t\t\t\t\t<\/div>\n<\/div><\/div><div id=\"panel-w659518231eecd-0-0-1\" class=\"so-panel widget widget_sow-editor\" data-index=\"1\" ><div\n\t\t\t\n\t\t\tclass=\"so-widget-sow-editor so-widget-sow-editor-base\"\n\t\t\t\n\t\t>\n<div class=\"siteorigin-widget-tinymce textwidget\">\n\t<p>Present\u00e1mosche unha soluci\u00f3n pensada para ga\u00f1ar visibilidade e aumentar a reputaci\u00f3n da t\u00faa oficina ou despacho. Atrae novos clientes mediante as recensi\u00f3ns de clientes satisfeitos.<\/p>\n<\/div>\n<\/div><\/div><div id=\"panel-w659518231eecd-0-0-2\" class=\"so-panel widget widget_sow-button panel-last-child\" data-index=\"2\" ><div\n\t\t\t\n\t\t\tclass=\"so-widget-sow-button so-widget-sow-button-flat-15d308cce6bf\"\n\t\t\t\n\t\t><div class=\"ow-button-base ow-button-align-left\"\n>\n\t\t\t<a\n\t\t\t\t\thref=\"https:\/\/www.puntuaminegocio.com\/gl\/produto\/tarxeta-nfc-para-google-reviews\/\"\n\t\t\t\t\tclass=\"sowb-button ow-icon-placement-left ow-button-hover\" \t>\n\t\t<span>\n\t\t\t\n\t\t\tConsigue a t\u00faa tarxeta\t\t<\/span>\n\t\t\t<\/a>\n\t<\/div>\n<\/div><\/div><\/div><\/div><\/div><\/div><\/div><\/div><\/div><\/div><\/div><div id=\"pg-1260-1\"  class=\"panel-grid panel-has-style\" ><div class=\"ancho1150 panel-row-style panel-row-style-for-1260-1\" ><div id=\"pgc-1260-1-0\"  class=\"panel-grid-cell\" ><div id=\"panel-1260-1-0-0\" class=\"so-panel widget widget_sow-headline panel-first-child\" data-index=\"1\" ><div\n\t\t\t\n\t\t\tclass=\"so-widget-sow-headline so-widget-sow-headline-default-57aa77dc43bb-1260 so-widget-fittext-wrapper\"\n\t\t\t data-fit-text-compressor=\"0.85\"\n\t\t><div class=\"sow-headline-container \">\n\t\t\t\t\t\t\t<h2 class=\"sow-headline\">\n\t\t\t\t\t\tRecompila recensi\u00f3ns positivas coas nosas ofertas \"Punt\u00faa o meu Negocio\"\t\t\t\t\t\t<\/h2>\n\t\t\t\t\t\t\t\t\t\t\t\t<p class=\"sow-sub-headline\">\n\t\t\t\t\t\tCun simple toque, tes a oportunidade de reunir sen esforzo m\u00e1is de 10 comentarios ou recensi\u00f3ns positivas diariamente. \u00danete \u00e1s filas de m\u00e1is de negocios satisfeitos! Por que non unirse a n\u00f3s tam\u00e9n?\t\t\t\t\t\t<\/p>\n\t\t\t\t\t\t<\/div>\n<\/div><\/div><div id=\"panel-1260-1-0-1\" class=\"so-panel widget widget_sow-editor\" data-index=\"2\" ><div\n\t\t\t\n\t\t\tclass=\"so-widget-sow-editor so-widget-sow-editor-base\"\n\t\t\t\n\t\t>\n<div class=\"siteorigin-widget-tinymce textwidget\">\n\t<div class=\"woocommerce columns-2 \"><ul class=\"products columns-2\">\n<li class=\"sales-flash-overlay woocommerce-text-align-center woocommerce-image-align-center do-quantity-buttons product type-product post-1340 status-publish first instock product_cat-produtos product_tag-google-reviews-gl has-post-thumbnail featured taxable shipping-taxable purchasable product-type-variable woovr-active woovr-show-price woovr-show-description\">\n\t<a href=\"https:\/\/www.puntuaminegocio.com\/gl\/produto\/tarxeta-nfc-para-google-reviews\/\" class=\"woocommerce-LoopProduct-link woocommerce-loop-product__link\"><img loading=\"lazy\" decoding=\"async\" width=\"600\" height=\"600\" src=\"https:\/\/www.puntuaminegocio.com\/wp-content\/uploads\/2023\/09\/tarjeta-1-unidad-puntuaminegocio-600x600.png\" class=\"attachment-woocommerce_thumbnail size-woocommerce_thumbnail\" alt=\"Tarxeta NFC para Google Reviews\" srcset=\"https:\/\/www.puntuaminegocio.com\/wp-content\/uploads\/2023\/09\/tarjeta-1-unidad-puntuaminegocio-600x600.png 600w, https:\/\/www.puntuaminegocio.com\/wp-content\/uploads\/2023\/09\/tarjeta-1-unidad-puntuaminegocio-100x100.png 100w, https:\/\/www.puntuaminegocio.com\/wp-content\/uploads\/2023\/09\/tarjeta-1-unidad-puntuaminegocio.png 700w\" sizes=\"auto, (max-width: 600px) 100vw, 600px\" title=\"\"><h2 class=\"woocommerce-loop-product__title\">Tarxeta NFC para Google Reviews<\/h2>\n\t<span class=\"price\">Desde: <span class=\"woocommerce-Price-amount amount\"><bdi><span class=\"woocommerce-Price-currencySymbol\">&euro;<\/span>29.89<\/bdi><\/span><\/span>\n<\/a><\/li>\n<li class=\"sales-flash-overlay woocommerce-text-align-center woocommerce-image-align-center do-quantity-buttons product type-product post-1436 status-publish last instock product_cat-produtos product_tag-google-reviews-gl product_tag-soporte-gl product_tag-soporte-de-tarjeta-nfc-gl product_tag-stand-gl has-post-thumbnail taxable shipping-taxable purchasable product-type-variable woovr-active woovr-show-price woovr-show-description\">\n\t<a href=\"https:\/\/www.puntuaminegocio.com\/gl\/produto\/soporte-para-tarxetas-nfc-para-google-reviews\/\" class=\"woocommerce-LoopProduct-link woocommerce-loop-product__link\"><img loading=\"lazy\" decoding=\"async\" width=\"600\" height=\"600\" src=\"https:\/\/www.puntuaminegocio.com\/wp-content\/uploads\/2023\/11\/soporte-de-tarjeta-nfc-para-google-reviews-puntuaminegocio-600x600.jpg\" class=\"attachment-woocommerce_thumbnail size-woocommerce_thumbnail\" alt=\"Soporte de tarjeta NFC para Google Reviews\" srcset=\"https:\/\/www.puntuaminegocio.com\/wp-content\/uploads\/2023\/11\/soporte-de-tarjeta-nfc-para-google-reviews-puntuaminegocio-600x600.jpg 600w, https:\/\/www.puntuaminegocio.com\/wp-content\/uploads\/2023\/11\/soporte-de-tarjeta-nfc-para-google-reviews-puntuaminegocio-100x100.jpg 100w, https:\/\/www.puntuaminegocio.com\/wp-content\/uploads\/2023\/11\/soporte-de-tarjeta-nfc-para-google-reviews-puntuaminegocio-300x300.jpg 300w, https:\/\/www.puntuaminegocio.com\/wp-content\/uploads\/2023\/11\/soporte-de-tarjeta-nfc-para-google-reviews-puntuaminegocio-150x150.jpg 150w, https:\/\/www.puntuaminegocio.com\/wp-content\/uploads\/2023\/11\/soporte-de-tarjeta-nfc-para-google-reviews-puntuaminegocio.jpg 700w\" sizes=\"auto, (max-width: 600px) 100vw, 600px\" title=\"\"><h2 class=\"woocommerce-loop-product__title\">Soporte para tarxetas NFC para Google Reviews<\/h2>\n\t<span class=\"price\">Desde: <span class=\"woocommerce-Price-amount amount\"><bdi><span class=\"woocommerce-Price-currencySymbol\">&euro;<\/span>36.95<\/bdi><\/span><\/span>\n<\/a><\/li>\n<\/ul>\n<\/div>\n<\/div>\n<\/div><\/div><div id=\"panel-1260-1-0-2\" class=\"so-panel widget widget_sow-image panel-last-child\" data-index=\"3\" ><div\n\t\t\t\n\t\t\tclass=\"so-widget-sow-image so-widget-sow-image-default-f5d69fcb49b2-1260\"\n\t\t\t\n\t\t>\n<div class=\"sow-image-container\">\n\t\t<img loading=\"lazy\" decoding=\"async\" src=\"https:\/\/www.puntuaminegocio.com\/wp-content\/uploads\/2023\/09\/logo-puntua-mi-negocio-1.gif\" width=\"150\" height=\"150\" sizes=\"auto, (max-width: 150px) 100vw, 150px\" title=\"logo-puntua-mi-negocio\" alt=\"\" class=\"so-widget-image\">\n\t<\/div>\n\n<\/div><\/div><\/div><\/div><\/div><\/div>","protected":false},"excerpt":{"rendered":"<p>Avogados, Asesor\u00edas e Xestor\u00edas Aumenta a t\u00faa reputaci\u00f3n, gana visibilidade, atrae novos clientes Present\u00e1mosche unha soluci\u00f3n pensada para ga\u00f1ar visibilidade e aumentar a reputaci\u00f3n da t\u00faa oficina ou despacho. Atrae novos clientes mediante as recensi\u00f3ns de &#8230; <a title=\"Avogados, Asesor\u00edas e Xestor\u00edas\" class=\"read-more\" href=\"https:\/\/www.puntuaminegocio.com\/gl\/avogados-asesorias-e-xestorias\/\" aria-label=\"Le m\u00e1is sobre Avogados, Asesor\u00edas e Xestor\u00edas\">contin\u00faa lendo<\/a><\/p>\n","protected":false},"author":1,"featured_media":0,"parent":0,"menu_order":0,"comment_status":"closed","ping_status":"closed","template":"","meta":{"footnotes":""},"categories":[52],"tags":[],"class_list":{"0":"post-1260","1":"page","2":"type-page","3":"status-publish","5":"category-dos-sectores"},"panels_data":{"widgets":[{"panels_data":{"widgets":[{"headline":{"text":"Avogados, Asesor\u00edas e Xestor\u00edas","destination_url":"","tag":"h1","color":false,"hover_color":false,"font":"default","font_size":false,"font_size_unit":"px","align":"left","mobile_align":"center","line_height":false,"line_height_unit":"px","margin":false,"margin_unit":"px","so_field_container_state":"open","new_window":false},"sub_headline":{"text":"Aumenta a t\u00faa reputaci\u00f3n, gana visibilidade, atrae novos clientes","destination_url":"","tag":"h2","color":false,"hover_color":false,"font":"default","font_size":false,"font_size_unit":"px","align":"left","mobile_align":"center","line_height":false,"line_height_unit":"px","margin":false,"margin_unit":"px","so_field_container_state":"open","new_window":false},"divider":{"style":"none","color":"#eee","thickness":1,"align":"center","mobile_align":"center","width":"80%","width_unit":"%","margin":false,"margin_unit":"px","so_field_container_state":"open"},"order":["headline","divider","sub_headline"],"fittext":true,"fittext_compressor":0.84999999999999998,"_sow_form_id":"639595776650971f6b6479173112222","_sow_form_timestamp":"1704269794067","panels_info":{"class":"SiteOrigin_Widget_Headline_Widget","grid":0,"cell":0,"id":0,"widget_id":"fceba2b4-3cf9-4a8f-b8fb-ed0ff54e3fde","style":{"background_image_attachment":false,"background_display":"tile","background_image_size":"full","background_image_opacity":"100","border_thickness":"1px"}},"so_sidebar_emulator_id":"sow-headline-126020000","option_name":"widget_sow-headline"},{"title":"","text":"<p>Present\u00e1mosche unha soluci\u00f3n pensada para ga\u00f1ar visibilidade e aumentar a reputaci\u00f3n da t\u00faa oficina ou despacho. Atrae novos clientes mediante as recensi\u00f3ns de clientes satisfeitos.<\/p>\n","text_selected_editor":"tmce","autop":true,"_sow_form_id":"50996834565097222d5642072168913","_sow_form_timestamp":"1704269820858","panels_info":{"class":"SiteOrigin_Widget_Editor_Widget","grid":0,"cell":0,"id":1,"widget_id":"2722a9ed-379a-4b96-806c-01a273bb2e7c","style":{"background_image_attachment":false,"background_display":"tile","background_image_size":"full","background_image_opacity":"100","border_thickness":"1px"}},"so_sidebar_emulator_id":"sow-editor-126020001","option_name":"widget_sow-editor"},{"text":"Consigue a t\u00faa tarxeta","url":"post: 1340","button_icon":{"icon_selected":"","icon_color":false,"icon":0,"icon_placement":"left","so_field_container_state":"open"},"design":{"width":false,"width_unit":"px","align":"left","mobile_align":"center","theme":"flat","button_color":false,"text_color":false,"hover":true,"hover_background_color":false,"hover_text_color":false,"font":"default","font_size":"1em","font_size_unit":"em","icon_size":"1.3em","icon_size_unit":"em","padding":"1em","padding_unit":"em","rounding":"0.25em 0.25em 0.25em 0.25em","so_field_container_state":"open"},"attributes":{"id":"","classes":"","title":"","on_click":"","rel":"","so_field_container_state":"closed"},"_sow_form_id":"20930737316509722c30cbf598779688","_sow_form_timestamp":"1704269834626","panels_info":{"class":"SiteOrigin_Widget_Button_Widget","grid":0,"cell":0,"id":2,"widget_id":"8518061b-aaac-4ef7-b7af-cc7abb40cc55","style":{"background_image_attachment":false,"background_display":"tile","background_image_size":"full","background_image_opacity":"100","border_thickness":"1px"}},"new_window":false,"download":false,"so_sidebar_emulator_id":"sow-button-126020002","option_name":"widget_sow-button"}],"grids":[{"cells":1,"style":[]}],"grid_cells":[{"grid":0,"index":0,"weight":1,"style":[]}]},"builder_id":"659518231eecd","panels_info":{"class":"SiteOrigin_Panels_Widgets_Layout","grid":0,"cell":0,"id":0,"widget_id":"8fe2e37c-70d1-4de2-99cf-bcce43fb711f","style":{"class":"ancho900","background_image_attachment":false,"background_display":"tile","background_image_size":"full","background_image_opacity":"100","border_thickness":"1px"}},"so_sidebar_emulator_id":"siteorigin-panels-builder-126010000","option_name":"widget_siteorigin-panels-builder"},{"headline":{"text":"Recompila recensi\u00f3ns positivas coas nosas ofertas \"Punt\u00faa o meu Negocio\"","destination_url":"","tag":"h2","color":false,"hover_color":false,"font":"default","font_size":false,"font_size_unit":"px","align":"center","mobile_align":"center","line_height":false,"line_height_unit":"px","margin":false,"margin_unit":"px","so_field_container_state":"open","new_window":false},"sub_headline":{"text":"Cun simple toque, tes a oportunidade de reunir sen esforzo m\u00e1is de 10 comentarios ou recensi\u00f3ns positivas diariamente. \u00danete \u00e1s filas de m\u00e1is de negocios satisfeitos! Por que non unirse a n\u00f3s tam\u00e9n?","destination_url":"","tag":"p","color":false,"hover_color":false,"font":"default","font_size":false,"font_size_unit":"px","align":"center","mobile_align":"center","line_height":false,"line_height_unit":"px","margin":false,"margin_unit":"px","so_field_container_state":"open","new_window":false},"divider":{"style":"none","color":"#eee","thickness":1,"align":"center","mobile_align":"center","width":"100%","width_unit":"%","margin":"60px","margin_unit":"px","so_field_container_state":"open"},"order":["divider","headline","sub_headline"],"fittext":true,"fittext_compressor":0.84999999999999998,"_sow_form_id":"44186805565718ce166ccc514704445","_sow_form_timestamp":"1704269853518","panels_info":{"class":"SiteOrigin_Widget_Headline_Widget","grid":1,"cell":0,"id":1,"widget_id":"633f7fb1-d5da-43c7-8cf5-f6e6a9e72b3b","style":{"background_image_attachment":false,"background_display":"tile","background_image_size":"full","background_image_opacity":"100","border_thickness":"1px"}},"so_sidebar_emulator_id":"sow-headline-126020001","option_name":"widget_sow-headline"},{"title":"","text":"<p>[products orderby=\"id\" order=\"ASC\"]<\/p>\n","text_selected_editor":"tinymce","autop":true,"_sow_form_id":"1684204536657196110e462239489536","_sow_form_timestamp":"1701942807684","so_sidebar_emulator_id":"sow-editor-126020002","option_name":"widget_sow-editor","panels_info":{"class":"SiteOrigin_Widget_Editor_Widget","raw":false,"grid":1,"cell":0,"id":2,"widget_id":"0e098ee8-e02d-4d94-a8cb-f82fc11660dd","style":{"background_image_attachment":false,"background_display":"tile","background_image_size":"full","background_image_opacity":"100","border_thickness":"1px"}}},{"image":829,"image_fallback":"","size":"thumb","size_width":"","size_height":"","size_external":"custom_size","size_external_width":"","size_external_height":"","align":"center","title_align":"center","title":"","title_position":"hidden","alt":"","url":"","bound":true,"rel":"","image_shape":{"shape":"circle","repeat":"no-repeat","size":false,"size_unit":"px","alignment":"center","so_field_container_state":"open","enable":false},"link_title":false,"new_window":false,"full_width":false,"so_sidebar_emulator_id":"sow-image-126020003","option_name":"widget_sow-image","panels_info":{"class":"SiteOrigin_Widget_Image_Widget","raw":false,"grid":1,"cell":0,"id":3,"widget_id":"06f663bf-370f-49f4-806b-ccf1fc886fad","style":{"background_image_attachment":false,"background_display":"tile","background_image_size":"full","border_thickness":"1px"}}}],"grids":[{"cells":1,"style":{"class":"slider-sector","mobile_padding":"0px 0px 0px 0px","background":"rgba(0,0,0,0)","background_image_attachment":"1065","background_image_attachment_fallback":false,"background_display":"fixed","background_image_size":"full","border_thickness":"1px","box_shadow":true,"box_shadow_color":"rgba(0,0,0,0.15)","box_shadow_inset":"","box_shadow_offset_vertical":"5px","box_shadow_blur":"15px","box_shadow_hover":true,"box_shadow_hover_color":"rgba(0,0,0,0.3)","box_shadow_hover_inset":"","box_shadow_hover_offset_vertical":"5px","box_shadow_hover_blur":"15px","full_height":"","bottom_margin":"50px","row_stretch":"full","cell_alignment":"center"}},{"cells":1,"style":{"class":"ancho1150","background_image_attachment":false,"background_display":"tile","background_image_size":"full","border_thickness":"1px","full_height":"","bottom_margin":"80px","cell_alignment":"flex-start"}}],"grid_cells":[{"grid":0,"index":0,"weight":1,"style":{"padding":"80px 0px 80px 0px","background_image_attachment":false,"background_display":"tile","background_image_size":"full","border_thickness":"1px","vertical_alignment":"auto"}},{"grid":1,"index":0,"weight":1,"style":[]}]},"_links":{"self":[{"href":"https:\/\/www.puntuaminegocio.com\/gl\/wp-json\/wp\/v2\/pages\/1260","targetHints":{"allow":["GET"]}}],"collection":[{"href":"https:\/\/www.puntuaminegocio.com\/gl\/wp-json\/wp\/v2\/pages"}],"about":[{"href":"https:\/\/www.puntuaminegocio.com\/gl\/wp-json\/wp\/v2\/types\/page"}],"author":[{"embeddable":true,"href":"https:\/\/www.puntuaminegocio.com\/gl\/wp-json\/wp\/v2\/users\/1"}],"replies":[{"embeddable":true,"href":"https:\/\/www.puntuaminegocio.com\/gl\/wp-json\/wp\/v2\/comments?post=1260"}],"version-history":[{"count":0,"href":"https:\/\/www.puntuaminegocio.com\/gl\/wp-json\/wp\/v2\/pages\/1260\/revisions"}],"wp:attachment":[{"href":"https:\/\/www.puntuaminegocio.com\/gl\/wp-json\/wp\/v2\/media?parent=1260"}],"wp:term":[{"taxonomy":"category","embeddable":true,"href":"https:\/\/www.puntuaminegocio.com\/gl\/wp-json\/wp\/v2\/categories?post=1260"},{"taxonomy":"post_tag","embeddable":true,"href":"https:\/\/www.puntuaminegocio.com\/gl\/wp-json\/wp\/v2\/tags?post=1260"}],"curies":[{"name":"wp","href":"https:\/\/api.w.org\/{rel}","templated":true}]}}