{"id":1312,"date":"2023-09-06T20:12:33","date_gmt":"2023-09-06T18:12:33","guid":{"rendered":"https:\/\/www.puntuaminegocio.com\/tutoriales\/"},"modified":"2025-11-26T09:53:36","modified_gmt":"2025-11-26T08:53:36","slug":"titoriais","status":"publish","type":"page","link":"https:\/\/www.puntuaminegocio.com\/gl\/titoriais\/","title":{"rendered":"Titoriais"},"content":{"rendered":"<div id=\"pl-1312\"  class=\"panel-layout\" ><div id=\"pg-1312-0\"  class=\"panel-grid panel-has-style\" ><div class=\"panel-row-style panel-row-style-for-1312-0\" ><div id=\"pgc-1312-0-0\"  class=\"panel-grid-cell\" ><div id=\"panel-1312-0-0-0\" class=\"so-panel widget widget_sow-features panel-first-child panel-last-child\" data-index=\"0\" ><div class=\"panel-widget-style panel-widget-style-for-1312-0-0-0\" ><div\n\t\t\t\n\t\t\tclass=\"so-widget-sow-features so-widget-sow-features-default-74571cef33e4-1312\"\n\t\t\t\n\t\t><ul\n\tclass=\"sow-features-list\n\tsow-features-responsive\">\n\n\t\t\t<li\n\t\t\tclass=\"sow-features-feature sow-icon-container-position-right\"\n\t\t\tstyle=\"display: flex; flex-direction: row; width: calc(100% - 30px);\"\n\t\t>\n\t\t\t\n\t\t\t\t\t\t\t<div class=\"sow-features-feature-right-left-container\" style=\"display: flex; flex-direction: inherit;\">\n\t\t\t\t\t\t\t<a\t\t\t\tclass=\"sow-icon-container sow-container-square\"\n\t\t\t\tstyle=\"color: #ffffff; \"\n\t\t\t\t\n\t\t\t\t\t\t\t\t\thref=\"https:\/\/www.puntuaminegocio.com\/gl\/titoriais\/como-activar-a-tua-tarxeta-puntua-o-meu-negocio\/\"\n\t\t\t\t\t\t\t\t>\n\t\t\t\t\t\t\t\t\t\t<div class=\"sow-icon-image\" style=\"background-image: url(https:\/\/www.puntuaminegocio.com\/wp-content\/uploads\/2024\/01\/tecnologia-nfc.png); font-size: 80px\"><\/div>\n\t\t\t\t\t\t\t\t\t<\/a>\n\n\t\t\t<div class=\"textwidget\">\n\t\t\t\t\t\t\t\t\t<div class=\"sow-features-feature-content\">\n\t\t\t\t\n\t\t\t\t\t\t\t\t\t<h2 class=\"sow-features-feature-title\">\n\t\t\t\t\t\t\t\t\t\t\t\t\t<a\n\t\t\t\t\t\t\t\thref=\"https:\/\/www.puntuaminegocio.com\/gl\/titoriais\/como-activar-a-tua-tarxeta-puntua-o-meu-negocio\/\"\n\t\t\t\t\t\t\t\t\t\t\t\t\t\t\t>\n\t\t\t\t\t\t\tComo activar a t\u00faa tarxeta \u201cPunt\u00faa o meu Negocio\u201d\t\t\t\t\t\t\t<\/a>\n\t\t\t\t\t\t\t\t\t\t\t\t<\/h2>\n\t\t\t\t\n\t\t\t\t\t\t\t\t\t<div class=\"sow-features-feature-text\">\n\t\t\t\t\t<p>Tecnolox\u00eda NFC. Aplicaci\u00f3n NFC Tools para iOS e Android. Configuraci\u00f3n en sistemas iOS. Configuraci\u00f3n en sistemas Android.<\/p>\n\t\t\t\t\t<\/div>\n\t\t\t\t\t\t\t\t\t\t<\/div>\n\t\t\t\t\t<p class=\"sow-more-text\">\n\t\t\t\t\t\t<a href=\"https:\/\/www.puntuaminegocio.com\/gl\/titoriais\/como-activar-a-tua-tarxeta-puntua-o-meu-negocio\/\" >\t\t\t\t\t\t+ info\t\t\t\t\t\t<\/a>\t\t\t\t\t<\/p>\n\t\t\t\t\t\t\t<\/div>\n\t\t\t\t\t\t\t<\/div>\n\t\t\t\t\t\t\t\t<\/li>\n\n\t<\/ul>\n<\/div><\/div><\/div><\/div><div id=\"pgc-1312-0-1\"  class=\"panel-grid-cell\" ><div id=\"panel-1312-0-1-0\" class=\"so-panel widget widget_sow-features panel-first-child panel-last-child\" data-index=\"1\" ><div class=\"panel-widget-style panel-widget-style-for-1312-0-1-0\" ><div\n\t\t\t\n\t\t\tclass=\"so-widget-sow-features so-widget-sow-features-default-74571cef33e4-1312\"\n\t\t\t\n\t\t><ul\n\tclass=\"sow-features-list\n\tsow-features-responsive\">\n\n\t\t\t<li\n\t\t\tclass=\"sow-features-feature sow-icon-container-position-right\"\n\t\t\tstyle=\"display: flex; flex-direction: row; width: calc(100% - 30px);\"\n\t\t>\n\t\t\t\n\t\t\t\t\t\t\t<div class=\"sow-features-feature-right-left-container\" style=\"display: flex; flex-direction: inherit;\">\n\t\t\t\t\t\t\t<a\t\t\t\tclass=\"sow-icon-container sow-container-square\"\n\t\t\t\tstyle=\"color: #ffffff; \"\n\t\t\t\t\n\t\t\t\t\t\t\t\t\thref=\"https:\/\/www.puntuaminegocio.com\/gl\/titoriais\/como-obter-o-link-de-recension-de-google-facilmente\/\"\n\t\t\t\t\t\t\t\t>\n\t\t\t\t\t\t\t\t\t\t<div class=\"sow-icon-image\" style=\"background-image: url(https:\/\/www.puntuaminegocio.com\/wp-content\/uploads\/2024\/01\/review_icon.png); font-size: 80px\"><\/div>\n\t\t\t\t\t\t\t\t\t<\/a>\n\n\t\t\t<div class=\"textwidget\">\n\t\t\t\t\t\t\t\t\t<div class=\"sow-features-feature-content\">\n\t\t\t\t\n\t\t\t\t\t\t\t\t\t<h2 class=\"sow-features-feature-title\">\n\t\t\t\t\t\t\t\t\t\t\t\t\t<a\n\t\t\t\t\t\t\t\thref=\"https:\/\/www.puntuaminegocio.com\/gl\/titoriais\/como-obter-o-link-de-recension-de-google-facilmente\/\"\n\t\t\t\t\t\t\t\t\t\t\t\t\t\t\t>\n\t\t\t\t\t\t\tComo obter o link de Recensi\u00f3n de Google facilmente\t\t\t\t\t\t\t<\/a>\n\t\t\t\t\t\t\t\t\t\t\t\t<\/h2>\n\t\t\t\t\n\t\t\t\t\t\t\t\t\t<div class=\"sow-features-feature-text\">\n\t\t\t\t\t<p>Crear un link para que os seus clientes deixen recensi\u00f3ns no seu perfil de Google My Business \u00e9 sumamente sinxelo. Siga estes pasos...<\/p>\n\t\t\t\t\t<\/div>\n\t\t\t\t\t\t\t\t\t\t<\/div>\n\t\t\t\t\t<p class=\"sow-more-text\">\n\t\t\t\t\t\t<a href=\"https:\/\/www.puntuaminegocio.com\/gl\/titoriais\/como-obter-o-link-de-recension-de-google-facilmente\/\" >\t\t\t\t\t\t+ info\t\t\t\t\t\t<\/a>\t\t\t\t\t<\/p>\n\t\t\t\t\t\t\t<\/div>\n\t\t\t\t\t\t\t<\/div>\n\t\t\t\t\t\t\t\t<\/li>\n\n\t<\/ul>\n<\/div><\/div><\/div><\/div><\/div><\/div><div id=\"pg-1312-1\"  class=\"panel-grid panel-no-style\" ><div id=\"pgc-1312-1-0\"  class=\"panel-grid-cell\" ><div id=\"panel-1312-1-0-0\" class=\"so-panel widget widget_sow-features panel-first-child panel-last-child\" data-index=\"2\" ><div class=\"panel-widget-style panel-widget-style-for-1312-1-0-0\" ><div\n\t\t\t\n\t\t\tclass=\"so-widget-sow-features so-widget-sow-features-default-74571cef33e4-1312\"\n\t\t\t\n\t\t><ul\n\tclass=\"sow-features-list\n\tsow-features-responsive\">\n\n\t\t\t<li\n\t\t\tclass=\"sow-features-feature sow-icon-container-position-right\"\n\t\t\tstyle=\"display: flex; flex-direction: row; width: calc(100% - 30px);\"\n\t\t>\n\t\t\t\n\t\t\t\t\t\t\t<div class=\"sow-features-feature-right-left-container\" style=\"display: flex; flex-direction: inherit;\">\n\t\t\t\t\t\t\t<a\t\t\t\tclass=\"sow-icon-container sow-container-square\"\n\t\t\t\tstyle=\"color: #ffffff; \"\n\t\t\t\t\n\t\t\t\t\t\t\t\t\thref=\"https:\/\/www.puntuaminegocio.com\/gl\/titoriais\/solucion-de-problemas\/\"\n\t\t\t\t\t\t\t\t>\n\t\t\t\t\t\t\t\t\t\t<div class=\"sow-icon-image\" style=\"background-image: url(https:\/\/www.puntuaminegocio.com\/wp-content\/uploads\/2024\/01\/contact_icon.png); font-size: 80px\"><\/div>\n\t\t\t\t\t\t\t\t\t<\/a>\n\n\t\t\t<div class=\"textwidget\">\n\t\t\t\t\t\t\t\t\t<div class=\"sow-features-feature-content\">\n\t\t\t\t\n\t\t\t\t\t\t\t\t\t<h2 class=\"sow-features-feature-title\">\n\t\t\t\t\t\t\t\t\t\t\t\t\t<a\n\t\t\t\t\t\t\t\thref=\"https:\/\/www.puntuaminegocio.com\/gl\/titoriais\/solucion-de-problemas\/\"\n\t\t\t\t\t\t\t\t\t\t\t\t\t\t\t>\n\t\t\t\t\t\t\tSoluci\u00f3n de problemas\t\t\t\t\t\t\t<\/a>\n\t\t\t\t\t\t\t\t\t\t\t\t<\/h2>\n\t\t\t\t\n\t\t\t\t\t\t\t\t\t<div class=\"sow-features-feature-text\">\n\t\t\t\t\t<p>Se tes dificultades, non dubides en comunicarche connosco.<\/p>\n\t\t\t\t\t<\/div>\n\t\t\t\t\t\t\t\t\t\t<\/div>\n\t\t\t\t\t<p class=\"sow-more-text\">\n\t\t\t\t\t\t<a href=\"https:\/\/www.puntuaminegocio.com\/gl\/titoriais\/solucion-de-problemas\/\" >\t\t\t\t\t\t+ info\t\t\t\t\t\t<\/a>\t\t\t\t\t<\/p>\n\t\t\t\t\t\t\t<\/div>\n\t\t\t\t\t\t\t<\/div>\n\t\t\t\t\t\t\t\t<\/li>\n\n\t<\/ul>\n<\/div><\/div><\/div><\/div><div id=\"pgc-1312-1-1\"  class=\"panel-grid-cell\" ><div id=\"panel-1312-1-1-0\" class=\"so-panel widget widget_sow-features panel-first-child panel-last-child\" data-index=\"3\" ><div class=\"panel-widget-style panel-widget-style-for-1312-1-1-0\" ><div\n\t\t\t\n\t\t\tclass=\"so-widget-sow-features so-widget-sow-features-default-74571cef33e4-1312\"\n\t\t\t\n\t\t><ul\n\tclass=\"sow-features-list\n\tsow-features-responsive\">\n\n\t\t\t<li\n\t\t\tclass=\"sow-features-feature sow-icon-container-position-right\"\n\t\t\tstyle=\"display: flex; flex-direction: row; width: calc(100% - 30px);\"\n\t\t>\n\t\t\t\n\t\t\t\t\t\t\t<div class=\"sow-features-feature-right-left-container\" style=\"display: flex; flex-direction: inherit;\">\n\t\t\t\t\t\t\t<a\t\t\t\tclass=\"sow-icon-container sow-container-square\"\n\t\t\t\tstyle=\"color: #ffffff; \"\n\t\t\t\t\n\t\t\t\t\t\t\t\t\thref=\"https:\/\/www.puntuaminegocio.com\/gl\/titoriais\/lista-de-mobiles-con-tecnoloxia-nfc\/\"\n\t\t\t\t\t\t\t\t>\n\t\t\t\t\t\t\t\t\t\t<div class=\"sow-icon-image\" style=\"background-image: url(https:\/\/www.puntuaminegocio.com\/wp-content\/uploads\/2024\/01\/twosmartphones.png); font-size: 80px\"><\/div>\n\t\t\t\t\t\t\t\t\t<\/a>\n\n\t\t\t<div class=\"textwidget\">\n\t\t\t\t\t\t\t\t\t<div class=\"sow-features-feature-content\">\n\t\t\t\t\n\t\t\t\t\t\t\t\t\t<h2 class=\"sow-features-feature-title\">\n\t\t\t\t\t\t\t\t\t\t\t\t\t<a\n\t\t\t\t\t\t\t\thref=\"https:\/\/www.puntuaminegocio.com\/gl\/titoriais\/lista-de-mobiles-con-tecnoloxia-nfc\/\"\n\t\t\t\t\t\t\t\t\t\t\t\t\t\t\t>\n\t\t\t\t\t\t\tLista de m\u00f3biles con tecnolox\u00eda NFC\t\t\t\t\t\t\t<\/a>\n\t\t\t\t\t\t\t\t\t\t\t\t<\/h2>\n\t\t\t\t\n\t\t\t\t\t\t\t\t\t<div class=\"sow-features-feature-text\">\n\t\t\t\t\t<p>Grazas \u00e1 tecnolox\u00eda NFC e \u00e1 s\u00faa aplicaci\u00f3n en diversos dispositivos m\u00f3biles poderemos gozar de todas as s\u00faas vantaxes. Aforrar tempo e interactuar coa nosa contorna \u00e9 agora moito m\u00e1is sinxelo.<\/p>\n\t\t\t\t\t<\/div>\n\t\t\t\t\t\t\t\t\t\t<\/div>\n\t\t\t\t\t<p class=\"sow-more-text\">\n\t\t\t\t\t\t<a href=\"https:\/\/www.puntuaminegocio.com\/gl\/titoriais\/lista-de-mobiles-con-tecnoloxia-nfc\/\" >\t\t\t\t\t\t+ info\t\t\t\t\t\t<\/a>\t\t\t\t\t<\/p>\n\t\t\t\t\t\t\t<\/div>\n\t\t\t\t\t\t\t<\/div>\n\t\t\t\t\t\t\t\t<\/li>\n\n\t<\/ul>\n<\/div><\/div><\/div><\/div><\/div><\/div>","protected":false},"excerpt":{"rendered":"<p>Como activar a t\u00faa tarxeta \u201cPunt\u00faa o meu Negocio\u201d Tecnolox\u00eda NFC. Aplicaci\u00f3n NFC Tools para iOS e Android. Configuraci\u00f3n en sistemas iOS. Configuraci\u00f3n en sistemas Android. + info Como obter o link de Recensi\u00f3n de Google &#8230; <a title=\"Titoriais\" class=\"read-more\" href=\"https:\/\/www.puntuaminegocio.com\/gl\/titoriais\/\" aria-label=\"Le m\u00e1is sobre Titoriais\">contin\u00faa lendo<\/a><\/p>\n","protected":false},"author":1,"featured_media":0,"parent":0,"menu_order":0,"comment_status":"closed","ping_status":"closed","template":"","meta":{"footnotes":""},"categories":[49],"tags":[],"class_list":{"0":"post-1312","1":"page","2":"type-page","3":"status-publish","5":"category-titoriais"},"panels_data":{"widgets":[{"features":[{"container_color":"#ffffff","container_position":"right","icon":"","icon_title":"","icon_color":"#fff","icon_image":2524,"icon_image_fallback":"","icon_image_size":"full","title":"Como activar a t\u00faa tarxeta \u201cPunt\u00faa o meu Negocio\u201d","text":"<p>Tecnolox\u00eda NFC. Aplicaci\u00f3n NFC Tools para iOS e Android. Configuraci\u00f3n en sistemas iOS. Configuraci\u00f3n en sistemas Android.<\/p>\n","text_selected_editor":"tmce","more_text":"+ info","more_url":"post: 1224"}],"fonts":{"title_options":{"tag":"h2","font":"default","size":"24px","size_unit":"px","color":"","so_field_container_state":"open"},"text_options":{"font":"default","size":"16px","size_unit":"px","color":"","so_field_container_state":"open"},"more_text_options":{"font":"default","size":"","size_unit":"px","color":"","so_field_container_state":"closed"},"so_field_container_state":"open"},"container_shape":"square","container_size":"100px","container_size_unit":"px","icon_size":"80px","icon_size_unit":"px","per_row":1,"feature_spacing":"25px 30px","feature_spacing_mobile":"","responsive":true,"title_link":true,"icon_link":true,"_sow_form_id":"1819941501659528e4be7d6940875774","_sow_form_timestamp":1764147216974,"panels_info":{"class":"SiteOrigin_Widget_Features_Widget","grid":0,"cell":0,"id":0,"widget_id":"e66b628c-cb06-4206-88a5-58c75670898c","style":{"mobile_padding":"20px 20px 20px 20px","background_image_attachment":false,"background_display":"tile","background_image_size":"full","background_image_opacity":"100","border_thickness":"1px"}},"icon_size_custom":"","center_items":"","more_text_bottom_align":"","link_feature":"","new_window":"","so_sidebar_emulator_id":"sow-features-131210000","option_name":"widget_sow-features"},{"features":[{"container_color":"#ffffff","container_position":"right","icon":"","icon_title":"","icon_color":"#fff","icon_image":2534,"icon_image_fallback":"","icon_image_size":"full","title":"Como obter o link de Recensi\u00f3n de Google facilmente","text":"<p>Crear un link para que os seus clientes deixen recensi\u00f3ns no seu perfil de Google My Business \u00e9 sumamente sinxelo. Siga estes pasos...<\/p>\n","text_selected_editor":"tmce","more_text":"+ info","more_url":"post: 1230"}],"fonts":{"title_options":{"tag":"h2","font":"default","size":"24px","size_unit":"px","color":"","so_field_container_state":"open"},"text_options":{"font":"default","size":"16px","size_unit":"px","color":"","so_field_container_state":"open"},"more_text_options":{"font":"default","size":"","size_unit":"px","color":"","so_field_container_state":"closed"},"so_field_container_state":"open"},"container_shape":"square","container_size":"100px","container_size_unit":"px","icon_size":"80px","icon_size_unit":"px","per_row":1,"feature_spacing":"25px 30px","feature_spacing_mobile":"","responsive":true,"title_link":true,"icon_link":true,"_sow_form_id":"136232876865951f121644f289305210","_sow_form_timestamp":1764147216976,"panels_info":{"class":"SiteOrigin_Widget_Features_Widget","grid":0,"cell":1,"id":1,"widget_id":"6c71f991-f730-4771-a095-30fcd565e2a2","style":{"mobile_padding":"20px 20px 20px 20px","background_image_attachment":false,"background_display":"tile","background_image_size":"full","background_image_opacity":"100","border_thickness":"1px"}},"icon_size_custom":"","center_items":"","more_text_bottom_align":"","link_feature":"","new_window":"","so_sidebar_emulator_id":"sow-features-131210001","option_name":"widget_sow-features"},{"features":[{"container_color":"#ffffff","container_position":"right","icon":"","icon_title":"","icon_color":"#fff","icon_image":2549,"icon_image_fallback":"","icon_image_size":"full","title":"Soluci\u00f3n de problemas","text":"<p>Se tes dificultades, non dubides en comunicarche connosco.<\/p>\n","text_selected_editor":"tmce","more_text":"+ info","more_url":"post: 1234"}],"fonts":{"title_options":{"tag":"h2","font":"default","size":"24px","size_unit":"px","color":"","so_field_container_state":"open"},"text_options":{"font":"default","size":"16px","size_unit":"px","color":"","so_field_container_state":"open"},"more_text_options":{"font":"default","size":"","size_unit":"px","color":"","so_field_container_state":"closed"},"so_field_container_state":"open"},"container_shape":"square","container_size":"100px","container_size_unit":"px","icon_size":"80px","icon_size_unit":"px","per_row":1,"feature_spacing":"25px 30px","feature_spacing_mobile":"","responsive":true,"title_link":true,"icon_link":true,"_sow_form_id":"141547022565952bea59144626489129","_sow_form_timestamp":1764147216978,"panels_info":{"class":"SiteOrigin_Widget_Features_Widget","grid":1,"cell":0,"id":2,"widget_id":"fd89a8f5-f388-4d2f-844a-286d9d1e1550","style":{"mobile_padding":"20px 20px 20px 20px","background_image_attachment":false,"background_display":"tile","background_image_size":"full","background_image_opacity":"100","border_thickness":"1px"}},"icon_size_custom":"","center_items":"","more_text_bottom_align":"","link_feature":"","new_window":"","so_sidebar_emulator_id":"sow-features-131210002","option_name":"widget_sow-features"},{"features":[{"container_color":"#ffffff","container_position":"right","icon":"","icon_title":"","icon_color":"#fff","icon_image":2553,"icon_image_fallback":"","icon_image_size":"full","title":"Lista de m\u00f3biles con tecnolox\u00eda NFC","text":"<p>Grazas \u00e1 tecnolox\u00eda NFC e \u00e1 s\u00faa aplicaci\u00f3n en diversos dispositivos m\u00f3biles poderemos gozar de todas as s\u00faas vantaxes. Aforrar tempo e interactuar coa nosa contorna \u00e9 agora moito m\u00e1is sinxelo.<\/p>\n","text_selected_editor":"tmce","more_text":"+ info","more_url":"post: 1216"}],"fonts":{"title_options":{"tag":"h2","font":"default","size":"24px","size_unit":"px","color":"","so_field_container_state":"open"},"text_options":{"font":"default","size":"16px","size_unit":"px","color":"","so_field_container_state":"open"},"more_text_options":{"font":"default","size":"","size_unit":"px","color":"","so_field_container_state":"closed"},"so_field_container_state":"open"},"container_shape":"square","container_size":"100px","container_size_unit":"px","icon_size":"80px","icon_size_unit":"px","per_row":1,"feature_spacing":"25px 30px","feature_spacing_mobile":"","responsive":true,"title_link":true,"icon_link":true,"_sow_form_id":"1291697397659530df98829482145739","_sow_form_timestamp":1764147216980,"panels_info":{"class":"SiteOrigin_Widget_Features_Widget","grid":1,"cell":1,"id":3,"widget_id":"1d468a8f-4098-40b2-9efe-305d6a99b3cf","style":{"mobile_padding":"20px 20px 20px 20px","background_image_attachment":false,"background_display":"tile","background_image_size":"full","background_image_opacity":"100","border_thickness":"1px"}},"icon_size_custom":"","center_items":"","more_text_bottom_align":"","link_feature":"","new_window":"","so_sidebar_emulator_id":"sow-features-131210003","option_name":"widget_sow-features"}],"grids":[{"cells":2,"style":{"row_css":"margin-top: 40px;","background_image_attachment":false,"background_display":"tile","background_image_size":"full","background_image_opacity":"100","border_thickness":"1px","full_height":"","cell_alignment":"flex-start"}},{"cells":2,"style":{"background_image_attachment":false,"background_display":"tile","background_image_size":"full","background_image_opacity":"100","border_thickness":"1px","full_height":"","cell_alignment":"flex-start"}}],"grid_cells":[{"grid":0,"index":0,"weight":0.5,"style":[]},{"grid":0,"index":1,"weight":0.5,"style":[]},{"grid":1,"index":0,"weight":0.5,"style":[]},{"grid":1,"index":1,"weight":0.5,"style":[]}]},"_links":{"self":[{"href":"https:\/\/www.puntuaminegocio.com\/gl\/wp-json\/wp\/v2\/pages\/1312","targetHints":{"allow":["GET"]}}],"collection":[{"href":"https:\/\/www.puntuaminegocio.com\/gl\/wp-json\/wp\/v2\/pages"}],"about":[{"href":"https:\/\/www.puntuaminegocio.com\/gl\/wp-json\/wp\/v2\/types\/page"}],"author":[{"embeddable":true,"href":"https:\/\/www.puntuaminegocio.com\/gl\/wp-json\/wp\/v2\/users\/1"}],"replies":[{"embeddable":true,"href":"https:\/\/www.puntuaminegocio.com\/gl\/wp-json\/wp\/v2\/comments?post=1312"}],"version-history":[{"count":0,"href":"https:\/\/www.puntuaminegocio.com\/gl\/wp-json\/wp\/v2\/pages\/1312\/revisions"}],"wp:attachment":[{"href":"https:\/\/www.puntuaminegocio.com\/gl\/wp-json\/wp\/v2\/media?parent=1312"}],"wp:term":[{"taxonomy":"category","embeddable":true,"href":"https:\/\/www.puntuaminegocio.com\/gl\/wp-json\/wp\/v2\/categories?post=1312"},{"taxonomy":"post_tag","embeddable":true,"href":"https:\/\/www.puntuaminegocio.com\/gl\/wp-json\/wp\/v2\/tags?post=1312"}],"curies":[{"name":"wp","href":"https:\/\/api.w.org\/{rel}","templated":true}]}}