{"id":1315,"date":"2023-09-06T19:08:51","date_gmt":"2023-09-06T17:08:51","guid":{"rendered":"https:\/\/www.puntuaminegocio.com\/faqs\/"},"modified":"2024-09-09T18:37:12","modified_gmt":"2024-09-09T16:37:12","slug":"faqs","status":"publish","type":"page","link":"https:\/\/www.puntuaminegocio.com\/gl\/faqs\/","title":{"rendered":"FAQ <br> <small>Tes preguntas? Temos as respostas<\/small>"},"content":{"rendered":"<p>&nbsp;<\/p>\n<h3>Como activar a t\u00faa tarxeta \u201cPunt\u00faa o meu Negocio\u201d<\/h3>\n<p>Unha vez recibida a tarxeta, para activala podes seguir os pasos do seguinte titorial: <em><strong><a href=\"https:\/\/www.puntuaminegocio.com\/gl\/titoriais\/como-activar-a-tua-tarxeta-puntua-o-meu-negocio\/\" target=\"_blank\" rel=\"noopener\">fai clic aqu\u00ed<\/a><\/strong><\/em>.<\/p>\n<hr \/>\n<h3>Que \u00e9 a tarxeta t\u00e1ctil NFC &#8220;Valora o meu negocio&#8221;?<\/h3>\n<p>Unha tarxeta t\u00e1ctil NFC &#8220;Califica a mi\u00f1a empresa&#8221; \u00e9 unha tarxeta especializada equipada con tecnolox\u00eda de comunicaci\u00f3n de campo pr\u00f3ximo (NFC). Permite aos usuarios tocar a tarxeta contra un dispositivo habilitado para NFC, como un tel\u00e9fono intelixente, para activar acci\u00f3ns ou interacci\u00f3ns espec\u00edficas. No caso das tarxetas t\u00e1ctiles &#8220;Valora o meu negocio&#8221;, est\u00e1n dese\u00f1adas para simplificar o proceso de deixar comentarios en Google. Ao tocar a tarxeta &#8220;Valora o meu negocio&#8221; nun dispositivo compatible, os clientes poden acceder c\u00f3modamente \u00e1 p\u00e1xina de env\u00edo de recensi\u00f3ns e compartir os seus comentarios con facilidade.<\/p>\n<hr \/>\n<h3>Cales son os beneficios de utilizar a tarxeta &#8220;Valora o meu negocio&#8221;?<\/h3>\n<p>Coa tarxeta &#8220;Valora o meu negocio&#8221; non hai l\u00edmite para o n\u00famero de recensi\u00f3ns que podes recoller. A nosa soluci\u00f3n perm\u00edtelle recoller un n\u00famero infinito de comentarios, garantindo que a s\u00faa reputaci\u00f3n en li\u00f1a non te\u00f1a l\u00edmites.<br \/>\nExperimenta a liberdade de recoller tantas recensi\u00f3ns como queiras para a t\u00faa empresa. Experimenta infinitas posibilidades agora!<\/p>\n<hr \/>\n<h3>Cantas recensi\u00f3ns podo recoller coa tarxeta &#8220;Valora o meu negocio&#8221;?<\/h3>\n<p>Coa tarxeta &#8220;Valora o meu negocio&#8221; non hai l\u00edmite para o n\u00famero de recensi\u00f3ns que podes recoller. A nosa soluci\u00f3n perm\u00edtelle recoller un n\u00famero infinito de comentarios, garantindo que a s\u00faa reputaci\u00f3n en li\u00f1a non te\u00f1a l\u00edmites.<br \/>\nExperimenta a liberdade de recoller tantas recensi\u00f3ns como queiras para a t\u00faa empresa. Experimenta infinitas posibilidades agora!<\/p>\n<hr \/>\n<h3>As tarxetas &#8220;Valora My Business&#8221; te\u00f1en unha data de caducidade espec\u00edfica?<\/h3>\n<p>En canto ao per\u00edodo de validez da tarxeta &#8220;Rate My Business&#8221;, ser\u00e1 feliz saber que \u00e9 de por vida. Unha vez que obte\u00f1as a t\u00faa tarxeta &#8220;Score My Business&#8221;, permanecer\u00e1 v\u00e1lida indefinidamente, garantindo beneficios a longo prazo para a t\u00faa empresa.<br \/>\nGoza do valor duradeiro da tarxeta &#8220;Califica o meu negocio&#8221; e aproveita os seus beneficios durante todo o tempo que necesites. Experimenta unha soluci\u00f3n que resiste o paso do tempo!<\/p>\n<hr \/>\n<h3>Podo modificar a ligaz\u00f3n da mi\u00f1a tarxeta &#8220;Valora o meu negocio&#8221;?<\/h3>\n<p>Absolutamente! Coa tarxeta Rate My Business, tes a flexibilidade de cambiar a ligaz\u00f3n de revisi\u00f3n sen esforzo.<br \/>\nPara co\u00f1ecer os pasos sinxelos para actualizar a ligaz\u00f3n da t\u00faa tarxeta &#8220;Valora o meu negocio&#8221;, preparamos un tutorial \u00fatil para ti. Simplemente siga este tutorial para dominar rapidamente o proceso e facer os cambios desexados.<\/p>\n<hr \/>\n<h3>Que debo facer despois de recibir a tarxeta &#8220;Valora o meu negocio&#8221;?<\/h3>\n<p>Despois de recibir a t\u00faa tarxeta &#8220;Califica a mi\u00f1a empresa&#8221;, quizais te preguntes que facer a continuaci\u00f3n. Non te preocupes, temos cuberto! Preparamos unha serie de tutoriais que demostran o sinxelo proceso de inserir a ligaz\u00f3n de revisi\u00f3n de Google no teu &#8220;Valora o meu negocio&#8221;. \u00c9 incriblemente f\u00e1cil de seguir. Fai clic aqu\u00ed para ver o titorial completo e comezar.<br \/>\nS\u00f3 tes que instalar unha vez e xa est\u00e1. Se atopa algunha dificultade, o noso servizo de atenci\u00f3n ao cliente est\u00e1 dispo\u00f1ible para guialo durante a configuraci\u00f3n inicial, garantindo o seu \u00e9xito en cada paso do cami\u00f1o.<\/p>\n<hr \/>\n<h3>Se pido m\u00e1is dunha tarxeta, poder\u00edase asignar cada tarxeta a unha empresa diferente?<\/h3>\n<p>Si, cada tarxeta p\u00f3dese asignar a unha empresa diferente. A tarxeta &#8220;Valora o meu negocio&#8221; perm\u00edteche personalizar e configurar varias tarxetas en funci\u00f3n das necesidades espec\u00edficas da t\u00faa empresa. Deste xeito, poder\u00e1s xestionar e promocionar facilmente diferentes negocios mediante tarxetas individuais adaptadas a cada unha.<\/p>\n<hr \/>\n<h3>Os meus clientes necesitan unha conta de Google para escribir unha opini\u00f3n?<\/h3>\n<p>Para ofrecer unha revisi\u00f3n da t\u00faa empresa, os clientes deben ter unha conta de Google. Tranquilo, a maior\u00eda dos usuarios de tel\u00e9fonos intelixentes xa pos\u00faen unha conta de Google a trav\u00e9s de plataformas populares como YouTube, Gmail ou Google Maps. De feito, un asombroso 93% dos usuarios de tel\u00e9fonos intelixentes te\u00f1en unha conta de Google activa.<br \/>\nAo aproveitar o uso xeneralizado das Contas de Google, a tarxeta Rate My Business garante que a gran maior\u00eda dos teus clientes poder\u00e1n compartir as s\u00faas recensi\u00f3ns sen esforzo.<\/p>\n<p><strong>Hora de env\u00edo da tarxeta &#8220;Punt\u00faa Mi Negocio&#8221;<\/strong><\/p>\n<ul>\n<li><em><strong>Procesamento do pedido<\/strong><\/em>: 1-5 d\u00edas h\u00e1biles*<\/li>\n<li><em><strong>Duraci\u00f3n do env\u00edo:<\/strong><\/em> 7-15 d\u00edas h\u00e1biles*<\/li>\n<\/ul>\n<hr \/>\n<h3>Non. A tarxeta est\u00e1 destinada a establecementos f\u00edsicos.<\/h3>\n<p>Ademais, \u00e9 recomendable dispor de m\u00e1is dunha tarxeta cando existan varios membros do seu persoal que estean en contacto cos clientes. Cantos m\u00e1is puntos de contacto haxa, maior ser\u00e1 o n\u00famero de comentarios.<\/p>\n<p>&nbsp;<\/p>\n","protected":false},"excerpt":{"rendered":"<p>&nbsp; Como activar a t\u00faa tarxeta \u201cPunt\u00faa o meu Negocio\u201d Unha vez recibida a tarxeta, para activala podes seguir os pasos do seguinte titorial: fai clic aqu\u00ed. Que \u00e9 a tarxeta t\u00e1ctil NFC &#8220;Valora o meu &#8230; <a title=\"FAQ  Tes preguntas? Temos as respostas\" class=\"read-more\" href=\"https:\/\/www.puntuaminegocio.com\/gl\/faqs\/\" aria-label=\"Le m\u00e1is sobre FAQ  Tes preguntas? Temos as respostas\">contin\u00faa lendo<\/a><\/p>\n","protected":false},"author":1,"featured_media":0,"parent":0,"menu_order":0,"comment_status":"closed","ping_status":"closed","template":"","meta":{"footnotes":""},"categories":[49],"tags":[],"class_list":{"0":"post-1315","1":"page","2":"type-page","3":"status-publish","5":"category-titoriais"},"panels_data":null,"_links":{"self":[{"href":"https:\/\/www.puntuaminegocio.com\/gl\/wp-json\/wp\/v2\/pages\/1315","targetHints":{"allow":["GET"]}}],"collection":[{"href":"https:\/\/www.puntuaminegocio.com\/gl\/wp-json\/wp\/v2\/pages"}],"about":[{"href":"https:\/\/www.puntuaminegocio.com\/gl\/wp-json\/wp\/v2\/types\/page"}],"author":[{"embeddable":true,"href":"https:\/\/www.puntuaminegocio.com\/gl\/wp-json\/wp\/v2\/users\/1"}],"replies":[{"embeddable":true,"href":"https:\/\/www.puntuaminegocio.com\/gl\/wp-json\/wp\/v2\/comments?post=1315"}],"version-history":[{"count":0,"href":"https:\/\/www.puntuaminegocio.com\/gl\/wp-json\/wp\/v2\/pages\/1315\/revisions"}],"wp:attachment":[{"href":"https:\/\/www.puntuaminegocio.com\/gl\/wp-json\/wp\/v2\/media?parent=1315"}],"wp:term":[{"taxonomy":"category","embeddable":true,"href":"https:\/\/www.puntuaminegocio.com\/gl\/wp-json\/wp\/v2\/categories?post=1315"},{"taxonomy":"post_tag","embeddable":true,"href":"https:\/\/www.puntuaminegocio.com\/gl\/wp-json\/wp\/v2\/tags?post=1315"}],"curies":[{"name":"wp","href":"https:\/\/api.w.org\/{rel}","templated":true}]}}