{"id":1318,"date":"2023-09-06T19:08:51","date_gmt":"2023-09-06T17:08:51","guid":{"rendered":"https:\/\/www.puntuaminegocio.com\/sobre-nosotros\/"},"modified":"2023-12-22T11:54:44","modified_gmt":"2023-12-22T10:54:44","slug":"sobre-nos","status":"publish","type":"page","link":"https:\/\/www.puntuaminegocio.com\/gl\/sobre-nos\/","title":{"rendered":"Sobre n\u00f3s"},"content":{"rendered":"<p>Presentamos a tarxeta \u00ab<strong>Valora o meu negocio<\/strong>\u00bb aumenta a reputaci\u00f3n en li\u00f1a da t\u00faa empresa coa tecnolox\u00eda NFC e as opini\u00f3ns de Google.<\/p>\n<p>Queres mellorar a t\u00faa reputaci\u00f3n en li\u00f1a e recoller sen esforzo comentarios valiosos dos teus clientes? Non busques m\u00e1is, esta tarxeta \u00e9 a t\u00faa soluci\u00f3n!<\/p>\n<p>O noso produto innovador aproveita o poder da tecnolox\u00eda NFC combinada cos extraordinarios beneficios dos comentarios de Google para axudarche a facelo exactamente.<\/p>\n<p>A tecnolox\u00eda NFC (Near Field Communication) \u00e9 o n\u00facleo da nosa soluci\u00f3n. A trav\u00e9s da nosa tarxeta NFC, podes ofrecer aos teus clientes un xeito c\u00f3modo e sinxelo de deixar comentarios\/valoraci\u00f3ns sobre a t\u00faa empresa.<\/p>\n<p>P\u00f3dese acceder facilmente a estas tarxetas con calquera dispositivo compatible con NFC, como un tel\u00e9fono intelixente, redirixindo instant\u00e1neamente os usuarios \u00e1 p\u00e1xina de revisi\u00f3n de Google dedicada (a s\u00faa ficha de Google MyBusiness).<\/p>\n<p>Pero por que son tan importantes as recensi\u00f3ns de Google para a t\u00faa empresa? Hoxe, as revisi\u00f3ns en li\u00f1a convert\u00e9ronse nun compo\u00f1ente cr\u00edtico para crear confianza e atraer novos clientes. As opini\u00f3ns de Google, en particular, te\u00f1en un peso significativo e infl\u00faen nas decisi\u00f3ns dos potenciais clientes ou compradores. As recensi\u00f3ns positivas poden aumentar a t\u00faa credibilidade, mellorar a visibilidade da marca e impulsar o compromiso dos clientes, xerando as\u00ed maiores vendas e ingresos.<\/p>\n<p>Ao incorporar as nosas tarxetas compatibles con NFC \u00e1 t\u00faa estratexia comercial e empresarial, permites aos teus clientes deixar comentarios cun simple toque, eliminando calquera barreira ou inconveniente. Este enfoque amigable e centrado no usuario non s\u00f3 simplifica o proceso de revisi\u00f3n, sen\u00f3n que tam\u00e9n fomenta un maior compromiso dos seus clientes satisfeitos.<\/p>\n<p>Imaxina as posibilidades:<\/p>\n<ul>\n<li>captura sen esforzo experiencias positivas dos clientes,<\/li>\n<li>xerar un fluxo constante de cr\u00edticas xenu\u00ednas e aut\u00e9nticas,<\/li>\n<li>e cultiva unha reputaci\u00f3n en li\u00f1a que distinga a t\u00faa empresa dos teus competidores.<\/li>\n<\/ul>\n<p>Desbloquea o potencial da presenza en li\u00f1a da t\u00faa empresa coa nosa tarxeta <strong><span class=\"HwtZe\" lang=\"gl\"><span class=\"jCAhz ChMk0b\"><span class=\"ryNqvb\">\u00ab<a href=\"https:\/\/www.puntuaminegocio.com\/gl\/produtos\/\">Valora o meu negocio<\/a>\u00bb<\/span><\/span><\/span><\/strong>.<\/p>\n","protected":false},"excerpt":{"rendered":"<p>Presentamos a tarxeta \u00abValora o meu negocio\u00bb aumenta a reputaci\u00f3n en li\u00f1a da t\u00faa empresa coa tecnolox\u00eda NFC e as opini\u00f3ns de Google. Queres mellorar a t\u00faa reputaci\u00f3n en li\u00f1a e recoller sen esforzo comentarios valiosos &#8230; <a title=\"Sobre n\u00f3s\" class=\"read-more\" href=\"https:\/\/www.puntuaminegocio.com\/gl\/sobre-nos\/\" aria-label=\"Le m\u00e1is sobre Sobre n\u00f3s\">contin\u00faa lendo<\/a><\/p>\n","protected":false},"author":1,"featured_media":0,"parent":0,"menu_order":0,"comment_status":"closed","ping_status":"closed","template":"","meta":{"footnotes":""},"categories":[],"tags":[],"class_list":["post-1318","page","type-page","status-publish"],"panels_data":null,"_links":{"self":[{"href":"https:\/\/www.puntuaminegocio.com\/gl\/wp-json\/wp\/v2\/pages\/1318","targetHints":{"allow":["GET"]}}],"collection":[{"href":"https:\/\/www.puntuaminegocio.com\/gl\/wp-json\/wp\/v2\/pages"}],"about":[{"href":"https:\/\/www.puntuaminegocio.com\/gl\/wp-json\/wp\/v2\/types\/page"}],"author":[{"embeddable":true,"href":"https:\/\/www.puntuaminegocio.com\/gl\/wp-json\/wp\/v2\/users\/1"}],"replies":[{"embeddable":true,"href":"https:\/\/www.puntuaminegocio.com\/gl\/wp-json\/wp\/v2\/comments?post=1318"}],"version-history":[{"count":0,"href":"https:\/\/www.puntuaminegocio.com\/gl\/wp-json\/wp\/v2\/pages\/1318\/revisions"}],"wp:attachment":[{"href":"https:\/\/www.puntuaminegocio.com\/gl\/wp-json\/wp\/v2\/media?parent=1318"}],"wp:term":[{"taxonomy":"category","embeddable":true,"href":"https:\/\/www.puntuaminegocio.com\/gl\/wp-json\/wp\/v2\/categories?post=1318"},{"taxonomy":"post_tag","embeddable":true,"href":"https:\/\/www.puntuaminegocio.com\/gl\/wp-json\/wp\/v2\/tags?post=1318"}],"curies":[{"name":"wp","href":"https:\/\/api.w.org\/{rel}","templated":true}]}}