{"id":3187,"date":"2024-07-24T09:56:17","date_gmt":"2024-07-24T07:56:17","guid":{"rendered":"https:\/\/www.puntuaminegocio.com\/?page_id=3187"},"modified":"2024-07-24T09:56:19","modified_gmt":"2024-07-24T07:56:19","slug":"texto-galego","status":"publish","type":"page","link":"https:\/\/www.puntuaminegocio.com\/gl\/texto-galego\/","title":{"rendered":"texto galego"},"content":{"rendered":"<div id=\"pl-3187\"  class=\"panel-layout\" ><div id=\"pg-3187-0\"  class=\"panel-grid panel-no-style\" ><div id=\"pgc-3187-0-0\"  class=\"panel-grid-cell panel-grid-cell-mobile-last\" ><div id=\"panel-3187-0-0-0\" class=\"so-panel widget widget_sow-editor panel-first-child panel-last-child\" data-index=\"0\" ><div\n\t\t\t\n\t\t\tclass=\"so-widget-sow-editor so-widget-sow-editor-base\"\n\t\t\t\n\t\t>\n<div class=\"siteorigin-widget-tinymce textwidget\">\n\t<p>[mwai_chatbot id=\"chatbot-3ue9vt\"]<\/p>\n<\/div>\n<\/div><\/div><\/div><div id=\"pgc-3187-0-1\"  class=\"panel-grid-cell panel-grid-cell-empty\" ><\/div><\/div><div id=\"pg-3187-1\"  class=\"panel-grid panel-has-style\" ><div class=\"so-rounded siteorigin-panels-stretch panel-row-style panel-row-style-for-3187-1\" data-stretch-type=\"full\" ><div id=\"pgc-3187-1-0\"  class=\"panel-grid-cell\" ><div id=\"panel-3187-1-0-0\" class=\"so-panel widget widget_sow-headline panel-first-child\" data-index=\"1\" ><div\n\t\t\t\n\t\t\tclass=\"so-widget-sow-headline so-widget-sow-headline-default-cec125205118-3187 so-widget-fittext-wrapper\"\n\t\t\t data-fit-text-compressor=\"0.85\"\n\t\t><div class=\"sow-headline-container \">\n\t\t\t\t\t\t\t<h2 class=\"sow-headline\">\n\t\t\t\t\t\t\u00bfC\u00f3mo funciona?\t\t\t\t\t\t<\/h2>\n\t\t\t\t\t\t\t\t\t\t\t\t<h3 class=\"sow-sub-headline\">\n\t\t\t\t\t\t\u00a1Un cliente satisfecho deja excelentes comentarios sobre tu negocio!\t\t\t\t\t\t<\/h3>\n\t\t\t\t\t\t<\/div>\n<\/div><\/div><div id=\"panel-3187-1-0-1\" class=\"so-panel widget widget_sow-editor panel-last-child\" data-index=\"2\" ><div\n\t\t\t\n\t\t\tclass=\"so-widget-sow-editor so-widget-sow-editor-base\"\n\t\t\t\n\t\t>\n<div class=\"siteorigin-widget-tinymce textwidget\">\n\t<ol>\n<li>Investigue sobre la disposici\u00f3n del cliente para proporcionar una rese\u00f1a positiva.<\/li>\n<li>Mu\u00e9strele al cliente la tarjeta\u00a0 \"<strong>Punt\u00faa Mi Negocio\" <\/strong>y explica su tecnolog\u00eda.<\/li>\n<li>Toque \/ Escanee su \"<strong>Punt\u00faa Mi Negocio\"<\/strong> en el tel\u00e9fono de su cliente.<\/li>\n<li>Se abrir\u00e1 su p\u00e1gina de revisi\u00f3n de Google.<\/li>\n<li>Tu cliente deja una rese\u00f1a o comentario positivo.<\/li>\n<li>\u00a1Bien hecho! \u00a1Acabas de obtener una rese\u00f1a positiva!<\/li>\n<\/ol>\n<\/div>\n<\/div><\/div><\/div><div id=\"pgc-3187-1-1\"  class=\"panel-grid-cell\" ><div id=\"panel-3187-1-1-0\" class=\"so-panel widget widget_sow-image panel-first-child panel-last-child\" data-index=\"3\" ><div\n\t\t\t\n\t\t\tclass=\"so-widget-sow-image so-widget-sow-image-default-62aa051b8998-3187\"\n\t\t\t\n\t\t>\n<div class=\"sow-image-container\">\n\t\t<img loading=\"lazy\" decoding=\"async\" src=\"https:\/\/www.puntuaminegocio.com\/wp-content\/uploads\/2023\/12\/Full_10-1.gif\" width=\"600\" height=\"600\" sizes=\"auto, (max-width: 600px) 100vw, 600px\" title=\"Full_10\" alt=\"\" class=\"so-widget-image\">\n\t<\/div>\n\n<\/div><\/div><\/div><\/div><\/div><\/div>","protected":false},"excerpt":{"rendered":"<p>[mwai_chatbot id=&#8221;chatbot-3ue9vt&#8221;] Investigue sobre la disposici\u00f3n del cliente para proporcionar una rese\u00f1a positiva. Mu\u00e9strele al cliente la tarjeta\u00a0 &#8220;Punt\u00faa Mi Negocio&#8221; y explica su tecnolog\u00eda. Toque \/ Escanee su &#8220;Punt\u00faa Mi Negocio&#8221; en el tel\u00e9fono de &#8230; <a title=\"texto galego\" class=\"read-more\" href=\"https:\/\/www.puntuaminegocio.com\/gl\/texto-galego\/\" aria-label=\"Le m\u00e1is sobre texto galego\">contin\u00faa lendo<\/a><\/p>\n","protected":false},"author":1,"featured_media":0,"parent":0,"menu_order":0,"comment_status":"closed","ping_status":"closed","template":"","meta":{"footnotes":""},"categories":[],"tags":[],"class_list":["post-3187","page","type-page","status-publish"],"panels_data":{"widgets":[{"title":"","text":"[mwai_chatbot id=\"chatbot-3ue9vt\"]","text_selected_editor":"html","autop":true,"_sow_form_id":"51742104766a0b3997100e030498360","_sow_form_timestamp":"1721807773900","panels_info":{"class":"SiteOrigin_Widget_Editor_Widget","grid":0,"cell":0,"id":0,"widget_id":"3588253d-dcbe-4cfb-9b5d-69ad637f5a4e","style":{"background_image_attachment":false,"background_display":"tile","background_image_size":"full","background_image_opacity":"100","border_thickness":"1px"}},"so_sidebar_emulator_id":"sow-editor-318710000","option_name":"widget_sow-editor"},{"headline":{"text":"\u00bfC\u00f3mo funciona?","destination_url":"","tag":"h2","color":false,"hover_color":false,"font":"default","font_size":false,"font_size_unit":"px","align":"left","mobile_align":"left","line_height":false,"line_height_unit":"px","margin":false,"margin_unit":"px","so_field_container_state":"open","new_window":false},"sub_headline":{"text":"\u00a1Un cliente satisfecho deja excelentes comentarios sobre tu negocio!","destination_url":"","tag":"h3","color":false,"hover_color":false,"font":"default","font_size":false,"font_size_unit":"px","align":"left","mobile_align":"left","line_height":false,"line_height_unit":"px","margin":false,"margin_unit":"px","so_field_container_state":"open","new_window":false},"divider":{"style":"none","color":"#eee","thickness":1,"align":"center","mobile_align":"center","width":"80%","width_unit":"%","margin":false,"margin_unit":"px","so_field_container_state":"open"},"order":["headline","divider","sub_headline"],"fittext":true,"fittext_compressor":0.84999999999999998,"so_sidebar_emulator_id":"sow-headline-318710001","option_name":"widget_sow-headline","panels_info":{"class":"SiteOrigin_Widget_Headline_Widget","raw":false,"grid":1,"cell":0,"id":1,"widget_id":"3906624e-f2ae-4cfc-835d-c0efca4282da","style":{"background_image_attachment":false,"background_display":"tile","background_image_size":"full","border_thickness":"1px"}}},{"title":"","text":"<ol>\n<li>Investigue sobre la disposici\u00f3n del cliente para proporcionar una rese\u00f1a positiva.<\/li>\n<li>Mu\u00e9strele al cliente la tarjeta\u00a0 \"<strong>Punt\u00faa Mi Negocio\" <\/strong>y explica su tecnolog\u00eda.<\/li>\n<li>Toque \/ Escanee su \"<strong>Punt\u00faa Mi Negocio\"<\/strong> en el tel\u00e9fono de su cliente.<\/li>\n<li>Se abrir\u00e1 su p\u00e1gina de revisi\u00f3n de Google.<\/li>\n<li>Tu cliente deja una rese\u00f1a o comentario positivo.<\/li>\n<li>\u00a1Bien hecho! \u00a1Acabas de obtener una rese\u00f1a positiva!<\/li>\n<\/ol>\n","text_selected_editor":"tinymce","autop":true,"so_sidebar_emulator_id":"sow-editor-318710002","option_name":"widget_sow-editor","panels_info":{"class":"SiteOrigin_Widget_Editor_Widget","raw":false,"grid":1,"cell":0,"id":2,"widget_id":"3f72b3bb-972c-4665-8925-28b4a4425bea","style":{"background_image_attachment":false,"background_display":"tile","background_image_size":"full","background_image_opacity":"100","border_thickness":"1px"}}},{"image":2001,"image_fallback":"","size":"full","size_width":"","size_height":"","size_external":"custom_size","size_external_width":"","size_external_height":"","align":"default","title_align":"default","title":"","title_position":"hidden","alt":"","url":"","bound":true,"rel":"","image_shape":{"shape":"circle","repeat":"no-repeat","size":false,"size_unit":"px","alignment":"center","so_field_container_state":"open","enable":false},"link_title":false,"new_window":false,"full_width":false,"so_sidebar_emulator_id":"sow-image-318710003","option_name":"widget_sow-image","panels_info":{"class":"SiteOrigin_Widget_Image_Widget","raw":false,"grid":1,"cell":1,"id":3,"widget_id":"b20a5728-d8f0-43e5-91ee-67ad48329ad6","style":{"background_image_attachment":false,"background_display":"tile","background_image_size":"full","background_image_opacity":"100","border_thickness":"1px"}}}],"grids":[{"cells":2,"style":{"background_image_attachment":false,"background_display":"tile","background_image_size":"full","background_image_opacity":"100","border_thickness":"1px","full_height":"","cell_alignment":"flex-start"}},{"cells":2,"style":{"background":"rgba(255,254,247,0)","background_image_attachment":false,"background_display":"tile","background_image_size":"full","background_image_opacity":"100","border_thickness":"1px","border_radius":"0px 0px 0px 0px","full_height":"","row_stretch":"full","cell_alignment":"center"}}],"grid_cells":[{"grid":0,"index":0,"weight":0.5,"style":[]},{"grid":0,"index":1,"weight":0.5,"style":[]},{"grid":1,"index":0,"weight":0.5,"style":[]},{"grid":1,"index":1,"weight":0.5,"style":{"background_image_attachment":false,"background_display":"tile","background_image_size":"full","background_image_opacity":"100","border_thickness":"1px","vertical_alignment":"auto"}}]},"_links":{"self":[{"href":"https:\/\/www.puntuaminegocio.com\/gl\/wp-json\/wp\/v2\/pages\/3187","targetHints":{"allow":["GET"]}}],"collection":[{"href":"https:\/\/www.puntuaminegocio.com\/gl\/wp-json\/wp\/v2\/pages"}],"about":[{"href":"https:\/\/www.puntuaminegocio.com\/gl\/wp-json\/wp\/v2\/types\/page"}],"author":[{"embeddable":true,"href":"https:\/\/www.puntuaminegocio.com\/gl\/wp-json\/wp\/v2\/users\/1"}],"replies":[{"embeddable":true,"href":"https:\/\/www.puntuaminegocio.com\/gl\/wp-json\/wp\/v2\/comments?post=3187"}],"version-history":[{"count":0,"href":"https:\/\/www.puntuaminegocio.com\/gl\/wp-json\/wp\/v2\/pages\/3187\/revisions"}],"wp:attachment":[{"href":"https:\/\/www.puntuaminegocio.com\/gl\/wp-json\/wp\/v2\/media?parent=3187"}],"wp:term":[{"taxonomy":"category","embeddable":true,"href":"https:\/\/www.puntuaminegocio.com\/gl\/wp-json\/wp\/v2\/categories?post=3187"},{"taxonomy":"post_tag","embeddable":true,"href":"https:\/\/www.puntuaminegocio.com\/gl\/wp-json\/wp\/v2\/tags?post=3187"}],"curies":[{"name":"wp","href":"https:\/\/api.w.org\/{rel}","templated":true}]}}